{"id":1105,"date":"2021-10-19T11:29:50","date_gmt":"2021-10-19T09:29:50","guid":{"rendered":"http:\/\/www.calmateu.es\/politica-de-privadesa\/"},"modified":"2021-10-26T13:17:46","modified_gmt":"2021-10-26T11:17:46","slug":"politica-de-privadesa","status":"publish","type":"page","link":"https:\/\/www.calmateu.es\/fr\/politica-de-privadesa\/","title":{"rendered":"Politique de confidientalit\u00e9"},"content":{"rendered":"\r\n<p>L\u2019utilisation du site Web et \/ ou de l\u2019un des services offerts par CAL MATEU implique l\u2019acceptation par l\u2019utilisateur des dispositions contenues dans la pr\u00e9sente politique de confidentialit\u00e9 et le traitement de ses donn\u00e9es personnelles dans les conditions pr\u00e9vues. Veuillez noter que, bien que notre site Web puisse contenir des liens vers d\u2019autres sites Web ou r\u00e9seaux sociaux, la pr\u00e9sente politique de confidentialit\u00e9 ne s\u2019applique pas aux sites Web d\u2019autres soci\u00e9t\u00e9s ou organisations auxquelles le site Web appartient. \u00eatre redirig\u00e9. CAL MATEU ne contr\u00f4le pas le contenu des sites Web tiers et n\u2019accepte aucune responsabilit\u00e9 pour le contenu ou les politiques de confidentialit\u00e9 de ces sites Web.<\/p>\r\n<p>Dans la section contact du site Web, des informations personnelles, telles que le nom et l\u2019adresse \u00e9lectronique, sont demand\u00e9es aux utilisateurs afin de permettre la gestion ou le service demand\u00e9. Ces donn\u00e9es sont int\u00e9gr\u00e9es aux fichiers CAL MATEU correspondants conform\u00e9ment \u00e0 la l\u00e9gislation ou \u00e0 la r\u00e9glementation en vigueur.<\/p>\r\n<p>CAL MATEU garantit la confidentialit\u00e9 du traitement des donn\u00e9es \u00e0 caract\u00e8re personnel collect\u00e9es, ainsi que de la mise en \u0153uvre des mesures, de l\u2019ordre technique et organisationnel, qui garantissent la s\u00e9curit\u00e9 de ces donn\u00e9es.<\/p>\r\n<p>CAL MATEU utilisera ces donn\u00e9es exclusivement pour la fourniture du service ou de la gestion demand\u00e9s et ne sera en aucun cas transf\u00e9r\u00e9 ou communiqu\u00e9 \u00e0 des tiers sans le consentement de l\u2019utilisateur, sauf si elles sont n\u00e9cessaires \u00e0 la fourniture du service demand\u00e9 ou sont n\u00e9cessaires. par les autorit\u00e9s publiques comp\u00e9tentes, conform\u00e9ment aux dispositions l\u00e9gales et r\u00e9glementaires applicables \u00e0 tout moment.<\/p>\r\n<p>INFORMATIONS DE BASE SUR LE TRAITEMENT DES DONN\u00c9ES<br \/>Conform\u00e9ment \u00e0 la loi organique 15\/1999 du 13 d\u00e9cembre sur la protection des donn\u00e9es \u00e0 caract\u00e8re personnel et au r\u00e8glement (UE) 2016\/679 du Parlement europ\u00e9en et du Conseil du 27 avril 2016 (RGPD), Nous vous proposons les informations suivantes sur le traitement de vos donn\u00e9es personnelles:<\/p>\r\n<p><strong>Responsable du traitement:<\/strong>\u00a0JOSEP CARLES VICENTE PERELL\u00d3 (CAL MATEU)<\/p>\r\n<p><strong>But du traitement:<\/strong>\u00a0Offrir et fournir nos services d\u2019H\u00c9BERGEMENT TOURISTIQUE sous la forme d\u2019une maison rurale \u00e0 louer en totalit\u00e9 ou en chambres et, en cas d\u2019accord, vous informer de nos services et activit\u00e9s par n\u2019importe quel moyen de communication.<\/p>\r\n<p><strong>L\u00e9gitimit\u00e9 du traitement:<\/strong>\u00a0Le traitement est n\u00e9cessaire pour r\u00e9pondre aux demandes des parties int\u00e9ress\u00e9es et pour fournir le service demand\u00e9. C\u2019est pour ces traitements pour lesquels nous demandons votre consentement. Vous pouvez retirer votre consentement \u00e0 tout moment.<\/p>\r\n<p><strong>Origine des donn\u00e9es:<\/strong>\u00a0donn\u00e9es fournies par nos clients et utilisateurs et par les demandeurs d\u2019information.<\/p>\r\n<p><strong>Communication de donn\u00e9es:<\/strong>\u00a0Vos donn\u00e9es seront communiqu\u00e9es aux administrations publiques, conform\u00e9ment \u00e0 la l\u00e9gislation en vigueur, et \u00e0 toutes les entit\u00e9s n\u00e9cessaires pour se conformer \u00e0 l\u2019objectif du traitement.<\/p>\r\n<p><strong>Droits:<\/strong>\u00a0Les parties int\u00e9ress\u00e9es ont le droit d\u2019exercer les droits d\u2019acc\u00e8s, de rectification, de limitation de traitement, d\u2019\u00e9limination, de portabilit\u00e9 et d\u2019opposition, devant la personne en charge du traitement et de saisir l\u2019autorit\u00e9 de contr\u00f4le comp\u00e9tente pour pr\u00e9senter la demande qu\u2019elle juge appropri\u00e9e. .<\/p>\r\n<p><strong>Informations compl\u00e9mentaires:<\/strong>\u00a0Vous pouvez consulter des informations suppl\u00e9mentaires et d\u00e9taill\u00e9es sur le traitement des donn\u00e9es ci-dessous dans les \u00ab\u00a0Questions relatives \u00e0 la confidentialit\u00e9\u00a0\u00bb.<\/p>\r\n<p><strong>QUESTIONS DE CONFIDENTIALIT\u00c9<\/strong><br \/>Qui est le propri\u00e9taire de ce site et qui est responsable du traitement de vos donn\u00e9es?<\/p>\r\n<p>Identit\u00e9: JOSEP CARLES VICENTE PERELL\u00d3 (CAL MATEU)<\/p>\r\n<p>NIF: 39870946D<\/p>\r\n<p>Adresse: C\/ MAJOR, 20<br \/>43372- LA BISBAL DE FALSET<\/p>\r\n<p>Email: info@calmateu.es<\/p>\r\n<p><strong>Dans quel but traitons-nous vos donn\u00e9es personnelles?<\/strong><br \/>Nous traitons les informations qui nous sont fournies pour offrir et fournir nos services informatiques et, en cas de consentement, vous informons de nos services et activit\u00e9s par tout moyen de communication, c\u2019est pourquoi nous vous demandons votre consentement.<\/p>\r\n<p><strong>Combien de temps allons-nous conserver vos donn\u00e9es?<\/strong><br \/>Les donn\u00e9es personnelles fournies seront conserv\u00e9es aussi longtemps que vous utiliserez nos services ou si vous souhaitez recevoir des informations, puis respectez nos obligations l\u00e9gales dans les d\u00e9lais impartis.<\/p>\r\n<p><strong>Quelle est la l\u00e9gitimation pour le traitement de vos donn\u00e9es?<\/strong><br \/>La base l\u00e9gale pour le traitement de vos donn\u00e9es est votre consentement, qui peut \u00eatre r\u00e9voqu\u00e9 \u00e0 tout moment.<\/p>\r\n<p><strong>\u00c0 qui les destinataires communiqueront-ils leurs donn\u00e9es?<\/strong><br \/>Nous \u00e9tablirons des communications de donn\u00e9es lorsque la l\u00e9gislation en vigueur l\u2019imposera afin de respecter nos obligations juridiques avec les diff\u00e9rentes administrations comp\u00e9tentes et, le cas \u00e9ch\u00e9ant, pour la fourniture du service demand\u00e9 par la partie int\u00e9ress\u00e9e. Le fait de ne pas fournir de donn\u00e9es \u00e0 ces entit\u00e9s peut entra\u00eener le non-respect de la fourniture des services demand\u00e9s.<\/p>\r\n<p><strong>Quels sont vos droits lorsque vous nous fournissez vos donn\u00e9es?<\/strong><br \/>Toute personne a le droit d\u2019obtenir une confirmation pour d\u00e9terminer si nous traitons ou non ses donn\u00e9es personnelles.<br \/>Les parties int\u00e9ress\u00e9es ont le droit d\u2019acc\u00e9der \u00e0 leurs donn\u00e9es personnelles, de demander la rectification des donn\u00e9es inexactes ou, le cas \u00e9ch\u00e9ant, de les supprimer lorsque, entre autres raisons, les donn\u00e9es ne sont plus n\u00e9cessaires. aux fins pour lesquelles ils ont \u00e9t\u00e9 recueillis.<br \/>Dans certaines circonstances, les parties int\u00e9ress\u00e9es peuvent demander la limitation du traitement de leurs donn\u00e9es. Dans ce cas, nous ne les conservons que pour l\u2019exercice ou la d\u00e9fense des cr\u00e9ances.<br \/>De plus, dans certaines circonstances et pour des raisons li\u00e9es \u00e0 leur situation particuli\u00e8re, les parties int\u00e9ress\u00e9es peuvent s\u2019opposer au traitement de leurs donn\u00e9es. Dans ce cas, nous cesserons de traiter les donn\u00e9es, sauf pour des motifs l\u00e9gitimes ou pour l\u2019exercice ou la d\u00e9fense de r\u00e9clamations \u00e9ventuelles.<\/p>\r\n<p>Les personnes int\u00e9ress\u00e9es ont \u00e9galement le droit \u00e0 la portabilit\u00e9 de leurs donn\u00e9es.<br \/>Enfin, les parties int\u00e9ress\u00e9es ont le droit de d\u00e9poser une plainte aupr\u00e8s de l\u2019autorit\u00e9 de contr\u00f4le comp\u00e9tente.<\/p>\r\n<p><strong>Comment pouvez-vous exercer vos droits?<\/strong><br \/>Vous pouvez exercer vos droits en nous envoyant votre demande par \u00e9crit, avec une copie de votre DNI, \u00e0 notre adresse physique ou \u00e9lectronique, en indiquant la r\u00e9f\u00e9rence \u00ab\u00a0LOPD\u00a0\u00bb.<\/p>\r\n<p><strong>Comment avez-vous obtenu vos donn\u00e9es?<\/strong><\/p>\r\n<p>Les donn\u00e9es personnelles que nous traitons proviennent des personnes int\u00e9ress\u00e9es. La partie int\u00e9ress\u00e9e garantit que les informations personnelles fournies sont v\u00e9ridiques et est responsable de la communication de toute modification. Les donn\u00e9es marqu\u00e9es d\u2019un ast\u00e9risque seront obligatoires pour vous fournir le service demand\u00e9.<\/p>\r\n<p><strong>Quelles donn\u00e9es traitons-nous?<\/strong><br \/>Les cat\u00e9gories de donn\u00e9es que nous pouvons traiter lors de la fourniture de nos services sont:<br \/>Donn\u00e9es d\u2019identification<br \/>Adresses e-mail<br \/>Les donn\u00e9es sont limit\u00e9es, car nous ne traitons qu\u2019avec les donn\u00e9es n\u00e9cessaires \u00e0 l\u2019offre et \u00e0 la fourniture du service, en cas de consentement.<br \/>Nous ne traitons pas les donn\u00e9es sp\u00e9cialement prot\u00e9g\u00e9es.<br \/>Quelles mesures de s\u00e9curit\u00e9 appliquons-nous?<br \/>Nous appliquons les mesures de s\u00e9curit\u00e9 requises par le d\u00e9cret royal 1720\/2007 du 21 d\u00e9cembre, qui approuve le r\u00e8glement d\u2019ex\u00e9cution de la loi organique 15\/1999 du 13 d\u00e9cembre sur la protection des donn\u00e9es \u00e0 M\u00e9canismes n\u00e9cessaires pour garantir la confidentialit\u00e9, l\u2019int\u00e9grit\u00e9 et la disponibilit\u00e9 des donn\u00e9es et pour emp\u00eacher, dans la mesure du possible, les acc\u00e8s non autoris\u00e9s, le vol, les modifications illicites et la perte de donn\u00e9es.<\/p>\r\n<p><strong>Comment traitons-nous les donn\u00e9es pour le compte de tiers?<\/strong><br \/>Dans les cas o\u00f9 nos services impliquent le traitement de donn\u00e9es \u00e0 caract\u00e8re personnel pour le compte de nos clients \u00e0 la condition des responsables du traitement, nous le ferons conform\u00e9ment aux dispositions de l\u2019article 28 du r\u00e8glement (UE) 2016\/679 du Parlement europ\u00e9en. et du Conseil du 27 avril 2016 (RGPD). Voil\u00e0 pourquoi CAL MATEU:<br \/>a) traiteront les donn\u00e9es \u00e0 caract\u00e8re personnel uniquement en suivant les instructions document\u00e9es par la personne responsable, y compris en ce qui concerne les transferts de donn\u00e9es \u00e0 caract\u00e8re personnel vers un pays tiers ou une organisation internationale, sauf si le droit de l\u2019Union ou les \u00c9tats membres l\u2019exigent, appliquer \u00e0 CAL MATEU; dans ce cas, CAL MATEU informera le responsable de cette obligation l\u00e9gale avant le traitement, \u00e0 moins que la pr\u00e9sente loi ne l\u2019interdit pour des raisons importantes d\u2019int\u00e9r\u00eat public;<br \/>b) veiller \u00e0 ce que les personnes autoris\u00e9es \u00e0 traiter des donn\u00e9es \u00e0 caract\u00e8re personnel se soient engag\u00e9es \u00e0 respecter la confidentialit\u00e9 ou soient soumises \u00e0 une obligation l\u00e9gale de confidentialit\u00e9;<br \/>c) prend toutes les mesures de s\u00e9curit\u00e9 n\u00e9cessaires conform\u00e9ment \u00e0 l\u2019article 32 (RGPD);<br \/>d) il respectera les conditions indiqu\u00e9es dans le RGPD pour faire appel \u00e0 un autre responsable du traitement;<br \/>e) assiste le responsable, compte tenu de la nature du traitement, au moyen des mesures techniques et organisationnelles appropri\u00e9es, chaque fois que possible, afin qu\u2019il puisse s\u2019acquitter de son obligation de r\u00e9pondre aux demandes ayant pour objet l\u2019exercice du Droits des parties int\u00e9ress\u00e9es \u00e9tablis au chapitre III du RGPD;<br \/>f) aidera le responsable \u00e0 garantir le respect des obligations \u00e9nonc\u00e9es aux articles 32 \u00e0 36 de la RGPD, en tenant compte de la nature du traitement et des informations dont dispose le responsable;<br \/>g) au choix de la personne responsable, supprimera ou renverra toutes les donn\u00e9es \u00e0 caract\u00e8re personnel une fois les services de traitement termin\u00e9s, et supprimera les copies existantes sauf si les donn\u00e9es \u00e0 caract\u00e8re personnel sont requises par le droit de l\u2019Union ou des \u00c9tats les membres;<br \/>h) mettra \u00e0 la disposition de la personne responsable toutes les informations n\u00e9cessaires pour d\u00e9montrer l\u2019accomplissement des obligations \u00e9tablies dans l\u2019art. 28 du RGPD, ainsi que pour permettre et contribuer \u00e0 la r\u00e9alisation d\u2019audits, y compris d\u2019inspections, par la personne responsable ou un autre auditeur mandat\u00e9 par cette personne.<\/p>\r\n","protected":false},"excerpt":{"rendered":"<p>L\u2019utilisation du site Web et \/ ou de l\u2019un des services offerts par CAL MATEU implique l\u2019acceptation par l\u2019utilisateur des dispositions contenues dans la pr\u00e9sente politique de confidentialit\u00e9 et le traitement de ses donn\u00e9es personnelles dans les conditions pr\u00e9vues. Veuillez noter que, bien que notre site Web puisse contenir des liens vers d\u2019autres sites Web [&hellip;]<\/p>\n","protected":false},"author":1,"featured_media":0,"parent":0,"menu_order":0,"comment_status":"closed","ping_status":"open","template":"","meta":{"_et_pb_use_builder":"","_et_pb_old_content":"","_et_gb_content_width":"","footnotes":""},"class_list":["post-1105","page","type-page","status-publish","hentry"],"_links":{"self":[{"href":"https:\/\/www.calmateu.es\/fr\/wp-json\/wp\/v2\/pages\/1105","targetHints":{"allow":["GET"]}}],"collection":[{"href":"https:\/\/www.calmateu.es\/fr\/wp-json\/wp\/v2\/pages"}],"about":[{"href":"https:\/\/www.calmateu.es\/fr\/wp-json\/wp\/v2\/types\/page"}],"author":[{"embeddable":true,"href":"https:\/\/www.calmateu.es\/fr\/wp-json\/wp\/v2\/users\/1"}],"replies":[{"embeddable":true,"href":"https:\/\/www.calmateu.es\/fr\/wp-json\/wp\/v2\/comments?post=1105"}],"version-history":[{"count":1,"href":"https:\/\/www.calmateu.es\/fr\/wp-json\/wp\/v2\/pages\/1105\/revisions"}],"predecessor-version":[{"id":1106,"href":"https:\/\/www.calmateu.es\/fr\/wp-json\/wp\/v2\/pages\/1105\/revisions\/1106"}],"wp:attachment":[{"href":"https:\/\/www.calmateu.es\/fr\/wp-json\/wp\/v2\/media?parent=1105"}],"curies":[{"name":"wp","href":"https:\/\/api.w.org\/{rel}","templated":true}]}}