{"id":1103,"date":"2021-10-20T18:39:17","date_gmt":"2021-10-20T16:39:17","guid":{"rendered":"http:\/\/www.calmateu.es\/politica-de-cookies\/"},"modified":"2021-10-26T13:15:31","modified_gmt":"2021-10-26T11:15:31","slug":"politica-de-cookies","status":"publish","type":"page","link":"https:\/\/www.calmateu.es\/fr\/politica-de-cookies\/","title":{"rendered":"Politique de cookies"},"content":{"rendered":"\r\n<p><strong>Politique de cookie<\/strong><\/p>\r\n<p>Notre site Web utilise une technologie appel\u00e9e \u00ab\u00a0cookie\u00a0\u00bb, afin de pouvoir obtenir des informations sur l\u2019utilisation du site Web, am\u00e9liorer l\u2019exp\u00e9rience de l\u2019utilisateur et en assurer le bon fonctionnement.<\/p>\r\n<p><strong>D\u00e9finition de cookie<\/strong><\/p>\r\n<p>Un \u00ab\u00a0cookie\u00a0\u00bb est un petit morceau de texte que les sites Web envoient au navigateur et sont stock\u00e9s dans le terminal de l\u2019utilisateur (ordinateur ou appareil mobile). Ces fichiers sont destin\u00e9s \u00e0 stocker des donn\u00e9es pouvant \u00eatre mises \u00e0 jour et r\u00e9cup\u00e9r\u00e9es par l\u2019entit\u00e9 responsable de son installation. Ainsi, chaque fois que l\u2019utilisateur visite le m\u00eame site Web, le navigateur r\u00e9cup\u00e8re le fichier et l\u2019envoie au serveur sur le site Web. Les cookies ont plusieurs fonctions, y compris celles qui sont incluses, collecter des informations sur les pr\u00e9f\u00e9rences de l\u2019utilisateur et les m\u00e9moriser, et en g\u00e9n\u00e9ral, faciliter l\u2019utilisation du site Web \u00e0 l\u2019utilisateur, ce qui rend le site plus utile. lors de la personnalisation de votre contenu.<\/p>\r\n<p>Les cookies peuvent \u00eatre class\u00e9s en fonction de diff\u00e9rents param\u00e8tres:<\/p>\r\n<p><strong>1.- Propri\u00e9t\u00e9:\u00a0<\/strong>Cookies propres et cookies tiers: en fonction de l\u2019entit\u00e9 qui g\u00e8re le domaine \u00e0 partir duquel les cookies sont envoy\u00e9s et les donn\u00e9es obtenues sont trait\u00e9es.<\/p>\r\n<p><strong>2.- Dur\u00e9e<\/strong>: cookies de session et cookies persistants: en fonction de la dur\u00e9e restante enregistr\u00e9e dans le terminal de l\u2019utilisateur.<\/p>\r\n<p><strong>3.- Fin:<\/strong>\u00a0cookies techniques, cookies de personnalisation, cookies d\u2019analyse, cookies de publicit\u00e9, cookies de publicit\u00e9 comportementale: conform\u00e9ment \u00e0 la finalit\u00e9 pour laquelle les donn\u00e9es obtenues sont trait\u00e9es.<\/p>\r\n<ul>\r\n<li>Cookies techniques: Ce sont ceux qui permettent \u00e0 l\u2019utilisateur de naviguer sur le site Web ou l\u2019application et d\u2019utiliser les diff\u00e9rentes options ou services existants. Par exemple, contr\u00f4ler le trafic et la communication des donn\u00e9es, identifier la session ou acc\u00e9der \u00e0 des composants WebPart \u00e0 acc\u00e8s restreint.<\/li>\r\n<\/ul>\r\n<ul>\r\n<li>Cookies de personnalisation: ce sont ceux qui permettent \u00e0 l\u2019utilisateur d\u2019acc\u00e9der au service avec certaines caract\u00e9ristiques g\u00e9n\u00e9rales pr\u00e9d\u00e9finies dans son terminal ou d\u00e9finies par l\u2019utilisateur lui-m\u00eame. Par exemple, la langue, le type de navigateur par lequel vous acc\u00e9dez au service ou \u00e0 la conception de contenu s\u00e9lectionn\u00e9e.<\/li>\r\n<\/ul>\r\n<ul>\r\n<li>Cookies d\u2019analyse: Il s\u2019agit de ceux trait\u00e9s par nous ou par des tiers, qui nous permettent de quantifier le nombre d\u2019utilisateurs et donc d\u2019effectuer l\u2019analyse statistique de l\u2019utilisation faite par les utilisateurs du service offert. C\u2019est pourquoi la navigation sur notre site Web est analys\u00e9e afin d\u2019am\u00e9liorer l\u2019offre de produits ou de services que nous proposons.<\/li>\r\n<\/ul>\r\n<ul>\r\n<li>Cookies publicitaires: ce sont ceux qui permettent la gestion aussi efficace que possible des espaces publicitaires que l\u2019\u00e9diteur a inclus, le cas \u00e9ch\u00e9ant, dans une page Web, une application ou une plateforme \u00e0 partir desquelles il fournit le service demand\u00e9 sur son site. crit\u00e8res tels que le contenu modifi\u00e9 ou la fr\u00e9quence d\u2019affichage des annonces.<\/li>\r\n<\/ul>\r\n<ul>\r\n<li>Cookies de publicit\u00e9 comportementale: Ce sont ceux qui permettent la gestion aussi efficace que possible des espaces publicitaires que l\u2019\u00e9diteur a inclus, le cas \u00e9ch\u00e9ant, dans une page Web, une application ou une plate-forme \u00e0 partir de laquelle le service demand\u00e9 . Ces cookies stockent des informations sur le comportement des utilisateurs obtenues par l\u2019observation continue de leurs habitudes de navigation, ce qui leur permet de d\u00e9velopper un profil sp\u00e9cifique pour afficher des publicit\u00e9s bas\u00e9es sur celles-ci.<\/li>\r\n<\/ul>\r\n<p><strong>Cookies utilis\u00e9s sur notre site web<\/strong><\/p>\r\n<p>Notre site Web utilise ses propres cookies techniques, qui sont envoy\u00e9s \u00e0 votre ordinateur et g\u00e9r\u00e9s exclusivement par nous pour le fonctionnement du site. Ces cookies sont pour la session.<\/p>\r\n<p>S\u2019il interagit avec le contenu de notre site Web, des cookies de plug-in tiers peuvent \u00eatre \u00e9tablis pour \u00e9changer du contenu social, qui sont enti\u00e8rement g\u00e9r\u00e9s par ces tiers.<\/p>\r\n<p><strong>Consensus<\/strong><\/p>\r\n<p>En naviguant sur notre site et en le poursuivant, l\u2019utilisateur consent \u00e0 l\u2019utilisation des cookies susmentionn\u00e9s, dans les d\u00e9lais indiqu\u00e9s et dans les conditions \u00e9nonc\u00e9es dans la pr\u00e9sente politique de cookies.<\/p>\r\n<p><strong>Retrait du consentement<\/strong><\/p>\r\n<p>L\u2019utilisateur peut \u00e0 tout moment retirer son consentement en rapport avec cette politique de cookies. Par cons\u00e9quent, vous devez supprimer les cookies stock\u00e9s sur votre ordinateur \u00e0 l\u2019aide des param\u00e8tres de votre navigateur Internet.<\/p>\r\n<p><strong>Modification de la configuration des cookies<\/strong><\/p>\r\n<p>L\u2019utilisateur peut restreindre, bloquer ou supprimer les cookies de n\u2019importe quel site web, en utilisant son navigateur. Dans chaque navigateur, l\u2019op\u00e9ration est diff\u00e9rente, vous pouvez donc consulter les m\u00e9thodes suivantes de diff\u00e9rentes mani\u00e8res:<\/p>\r\n<ul>\r\n<li><strong><a href=\"http:\/\/windows.microsoft.com\/es-xl\/internet-explorer\/delete-manage-cookies#ie=ie-10\">Internet Explorer<\/a><\/strong><\/li>\r\n<li><strong><a href=\"https:\/\/support.mozilla.org\/es\/kb\/Borrar%20cookies\">FireFox<\/a><\/strong><\/li>\r\n<li><strong><a href=\"https:\/\/support.google.com\/chrome\/answer\/95647?hl=%22es%22\">Chrome<\/a><\/strong><\/li>\r\n<li><strong><a href=\"http:\/\/www.apple.com\/es\/privacy\/use-of-cookies\/\">Safari<\/a><\/strong><\/li>\r\n<li><strong><a href=\"http:\/\/help.opera.com\/Linux\/10.50\/en\/cookies.html\">Opera<\/a><\/strong><\/li>\r\n<li><strong><a href=\"http:\/\/www.windowsphone.com\/es-es\/how-to\/wp7\/web\/changing-privacy-and-other-browser-settings\">Windows Phone<\/a><\/strong><\/li>\r\n<\/ul>\r\n<p><strong>Mettre \u00e0 jour la politique de cookies<\/strong><\/p>\r\n<p>Ce site Web peut modifier la pr\u00e9sente politique en mati\u00e8re de cookies. Nous vous recommandons donc de la consulter \u00e0 chaque fois que vous acc\u00e9dez \u00e0 notre site Web afin d\u2019\u00eatre correctement inform\u00e9 de notre utilisation des cookies.<\/p>\r\n","protected":false},"excerpt":{"rendered":"<p>Politique de cookie Notre site Web utilise une technologie appel\u00e9e \u00ab\u00a0cookie\u00a0\u00bb, afin de pouvoir obtenir des informations sur l\u2019utilisation du site Web, am\u00e9liorer l\u2019exp\u00e9rience de l\u2019utilisateur et en assurer le bon fonctionnement. D\u00e9finition de cookie Un \u00ab\u00a0cookie\u00a0\u00bb est un petit morceau de texte que les sites Web envoient au navigateur et sont stock\u00e9s dans le [&hellip;]<\/p>\n","protected":false},"author":1,"featured_media":0,"parent":0,"menu_order":0,"comment_status":"closed","ping_status":"closed","template":"","meta":{"_et_pb_use_builder":"","_et_pb_old_content":"","_et_gb_content_width":"","footnotes":""},"class_list":["post-1103","page","type-page","status-publish","hentry"],"_links":{"self":[{"href":"https:\/\/www.calmateu.es\/fr\/wp-json\/wp\/v2\/pages\/1103","targetHints":{"allow":["GET"]}}],"collection":[{"href":"https:\/\/www.calmateu.es\/fr\/wp-json\/wp\/v2\/pages"}],"about":[{"href":"https:\/\/www.calmateu.es\/fr\/wp-json\/wp\/v2\/types\/page"}],"author":[{"embeddable":true,"href":"https:\/\/www.calmateu.es\/fr\/wp-json\/wp\/v2\/users\/1"}],"replies":[{"embeddable":true,"href":"https:\/\/www.calmateu.es\/fr\/wp-json\/wp\/v2\/comments?post=1103"}],"version-history":[{"count":1,"href":"https:\/\/www.calmateu.es\/fr\/wp-json\/wp\/v2\/pages\/1103\/revisions"}],"predecessor-version":[{"id":1104,"href":"https:\/\/www.calmateu.es\/fr\/wp-json\/wp\/v2\/pages\/1103\/revisions\/1104"}],"wp:attachment":[{"href":"https:\/\/www.calmateu.es\/fr\/wp-json\/wp\/v2\/media?parent=1103"}],"curies":[{"name":"wp","href":"https:\/\/api.w.org\/{rel}","templated":true}]}}