{"id":1089,"date":"2021-10-20T11:26:23","date_gmt":"2021-10-20T09:26:23","guid":{"rendered":"http:\/\/www.calmateu.es\/productes-ecologics\/"},"modified":"2021-10-26T12:55:16","modified_gmt":"2021-10-26T10:55:16","slug":"productes-ecologics","status":"publish","type":"page","link":"https:\/\/www.calmateu.es\/fr\/productes-ecologics\/","title":{"rendered":"Produits ecologiques"},"content":{"rendered":"<p>[et_pb_section fb_built=\u00a0\u00bb1&Prime; _builder_version=\u00a0\u00bb4.11.3&Prime; _module_preset=\u00a0\u00bbdefault\u00a0\u00bb custom_padding=\u00a0\u00bb50px||0px||false|false\u00a0\u00bb global_colors_info=\u00a0\u00bb{}\u00a0\u00bb][et_pb_row use_custom_gutter=\u00a0\u00bbon\u00a0\u00bb gutter_width=\u00a0\u00bb1&Prime; _builder_version=\u00a0\u00bb4.11.3&Prime; _module_preset=\u00a0\u00bbdefault\u00a0\u00bb background_enable_image=\u00a0\u00bboff\u00a0\u00bb width=\u00a0\u00bb100%\u00a0\u00bb max_width=\u00a0\u00bb2048px\u00a0\u00bb module_alignment=\u00a0\u00bbcenter\u00a0\u00bb custom_margin=\u00a0\u00bb-50px|auto|-50px|auto|false|false\u00a0\u00bb custom_padding=\u00a0\u00bb0px||0px|||\u00a0\u00bb global_colors_info=\u00a0\u00bb{}\u00a0\u00bb][et_pb_column type=\u00a0\u00bb4_4&Prime; _builder_version=\u00a0\u00bb4.11.3&Prime; _module_preset=\u00a0\u00bbdefault\u00a0\u00bb global_colors_info=\u00a0\u00bb{}\u00a0\u00bb][et_pb_text _builder_version=\u00a0\u00bb4.11.3&Prime; _module_preset=\u00a0\u00bbdefault\u00a0\u00bb text_text_color=\u00a0\u00bb#FFFFFF\u00a0\u00bb text_font_size=\u00a0\u00bb40px\u00a0\u00bb header_text_align=\u00a0\u00bbcenter\u00a0\u00bb header_text_color=\u00a0\u00bb#000000&Prime; header_font_size=\u00a0\u00bb50px\u00a0\u00bb custom_padding=\u00a0\u00bb51px||8px|||\u00a0\u00bb hover_enabled=\u00a0\u00bb0&Prime; global_colors_info=\u00a0\u00bb{}\u00a0\u00bb sticky_enabled=\u00a0\u00bb0&Prime;]<\/p>\n<div class=\"elementor-element elementor-element-61b62bb elementor-widget elementor-widget-heading\" data-id=\"61b62bb\" data-element_type=\"widget\" data-widget_type=\"heading.default\">\n<div class=\"elementor-widget-container\">\n<h1 class=\"elementor-heading-title elementor-size-default\" style=\"text-align: center;\">PRODUITS ECOLOGIQUES<\/h1>\n<p>&nbsp;<\/p>\n<\/div>\n<\/div>\n<p>[\/et_pb_text][\/et_pb_column][\/et_pb_row][\/et_pb_section][et_pb_section fb_built=\u00a0\u00bb1&Prime; _builder_version=\u00a0\u00bb4.11.3&Prime; _module_preset=\u00a0\u00bbdefault\u00a0\u00bb custom_padding=\u00a0\u00bb32px|||||\u00a0\u00bb global_colors_info=\u00a0\u00bb{}\u00a0\u00bb][et_pb_row _builder_version=\u00a0\u00bb4.11.3&Prime; _module_preset=\u00a0\u00bbdefault\u00a0\u00bb global_colors_info=\u00a0\u00bb{}\u00a0\u00bb][et_pb_column type=\u00a0\u00bb4_4&Prime; _builder_version=\u00a0\u00bb4.11.3&Prime; _module_preset=\u00a0\u00bbdefault\u00a0\u00bb global_colors_info=\u00a0\u00bb{}\u00a0\u00bb][et_pb_text _builder_version=\u00a0\u00bb4.11.3&Prime; _module_preset=\u00a0\u00bbdefault\u00a0\u00bb hover_enabled=\u00a0\u00bb0&Prime; global_colors_info=\u00a0\u00bb{}\u00a0\u00bb sticky_enabled=\u00a0\u00bb0&Prime;]<\/p>\n<p>Carles, le propri\u00e9taire de Cal Mateu, est un fermier qui se consacre \u00e0 l\u2019\u00e9laboration de produits \u00e9cologiques de grande qualit\u00e9. , emball\u00e9 avec le nom de marque \u00ab\u00a0Cal Mateu 1720\u00a0\u00bb<\/p>\n<p>[\/et_pb_text][\/et_pb_column][\/et_pb_row][et_pb_row column_structure=\u00a0\u00bb2_5,3_5&Prime; make_equal=\u00a0\u00bbon\u00a0\u00bb _builder_version=\u00a0\u00bb4.11.3&Prime; _module_preset=\u00a0\u00bbdefault\u00a0\u00bb width=\u00a0\u00bb90%\u00a0\u00bb global_colors_info=\u00a0\u00bb{}\u00a0\u00bb][et_pb_column type=\u00a0\u00bb2_5&Prime; _builder_version=\u00a0\u00bb4.11.3&Prime; _module_preset=\u00a0\u00bbdefault\u00a0\u00bb global_colors_info=\u00a0\u00bb{}\u00a0\u00bb][et_pb_image src=\u00a0\u00bbhttp:\/\/www.calmateu.es\/wp-content\/uploads\/2021\/10\/oli-Cal-Mateu-2.jpg\u00a0\u00bb title_text=\u00a0\u00bboli-Cal-Mateu-2&Prime; _builder_version=\u00a0\u00bb4.11.3&Prime; _module_preset=\u00a0\u00bbdefault\u00a0\u00bb global_colors_info=\u00a0\u00bb{}\u00a0\u00bb][\/et_pb_image][\/et_pb_column][et_pb_column type=\u00a0\u00bb3_5&Prime; _builder_version=\u00a0\u00bb4.11.3&Prime; _module_preset=\u00a0\u00bbdefault\u00a0\u00bb global_colors_info=\u00a0\u00bb{}\u00a0\u00bb][et_pb_image src=\u00a0\u00bbhttp:\/\/www.calmateu.es\/wp-content\/uploads\/2021\/10\/Oli-Cal-Mateu.jpg\u00a0\u00bb title_text=\u00a0\u00bbOli-Cal-Mateu\u00a0\u00bb _builder_version=\u00a0\u00bb4.11.3&Prime; _module_preset=\u00a0\u00bbdefault\u00a0\u00bb global_colors_info=\u00a0\u00bb{}\u00a0\u00bb][\/et_pb_image][\/et_pb_column][\/et_pb_row][et_pb_row _builder_version=\u00a0\u00bb4.11.3&Prime; _module_preset=\u00a0\u00bbdefault\u00a0\u00bb global_colors_info=\u00a0\u00bb{}\u00a0\u00bb][et_pb_column type=\u00a0\u00bb4_4&Prime; _builder_version=\u00a0\u00bb4.11.3&Prime; _module_preset=\u00a0\u00bbdefault\u00a0\u00bb global_colors_info=\u00a0\u00bb{}\u00a0\u00bb][et_pb_text _builder_version=\u00a0\u00bb4.11.3&Prime; _module_preset=\u00a0\u00bbdefault\u00a0\u00bb hover_enabled=\u00a0\u00bb0&Prime; global_colors_info=\u00a0\u00bb{}\u00a0\u00bb sticky_enabled=\u00a0\u00bb0&Prime;]<\/p>\n<p style=\"text-align: justify;\">Tot i que ell mateix es considera \u201cneorural\u201d, en Carles i la seva fam\u00edlia ja fa m\u00e9s de 28 anys que viuen i treballen les terres dels entorns de La Bisbal. La base de la seva explotaci\u00f3 \u00e9s l\u2019oli, per\u00f2 amb els anys han anat ampliant horitzons i actualment ofereixen una \u00e0mplia diversitat de productes d\u2019horta amb certificaci\u00f3 ecol\u00f2gica.<\/p>\n<p style=\"text-align: justify;\">Des del convenciment que el futur del m\u00f3n agrari dep\u00e8n del control de tot el proc\u00e9s, des de l\u2019elaboraci\u00f3 fins a la venda del producte i de la import\u00e0ncia del contacte directe entre el productor i el consumidor, aquest negoci familiar seguir\u00e0 plantejant-se nous reptes amb l\u2019objectiu de poder tancar el clicle i transformar molts dels productes que ells mateixos cultiven.<\/p>\n<p>[\/et_pb_text][modula_gallery gallery_select=\u00a0\u00bb78&Prime; _builder_version=\u00a0\u00bb4.11.3&Prime; _module_preset=\u00a0\u00bbdefault\u00a0\u00bb global_colors_info=\u00a0\u00bb{}\u00a0\u00bb][\/modula_gallery][\/et_pb_column][\/et_pb_row][\/et_pb_section]<\/p>\n","protected":false},"excerpt":{"rendered":"<p>PRODUITS ECOLOGIQUES &nbsp; Carles, le propri\u00e9taire de Cal Mateu, est un fermier qui se consacre \u00e0 l\u2019\u00e9laboration de produits \u00e9cologiques de grande qualit\u00e9. , emball\u00e9 avec le nom de marque \u00ab\u00a0Cal Mateu 1720\u00a0\u00bbTot i que ell mateix es considera \u201cneorural\u201d, en Carles i la seva fam\u00edlia ja fa m\u00e9s de 28 anys que viuen i [&hellip;]<\/p>\n","protected":false},"author":1,"featured_media":0,"parent":0,"menu_order":0,"comment_status":"closed","ping_status":"closed","template":"","meta":{"_et_pb_use_builder":"on","_et_pb_old_content":"","_et_gb_content_width":"","footnotes":""},"class_list":["post-1089","page","type-page","status-publish","hentry"],"_links":{"self":[{"href":"https:\/\/www.calmateu.es\/fr\/wp-json\/wp\/v2\/pages\/1089","targetHints":{"allow":["GET"]}}],"collection":[{"href":"https:\/\/www.calmateu.es\/fr\/wp-json\/wp\/v2\/pages"}],"about":[{"href":"https:\/\/www.calmateu.es\/fr\/wp-json\/wp\/v2\/types\/page"}],"author":[{"embeddable":true,"href":"https:\/\/www.calmateu.es\/fr\/wp-json\/wp\/v2\/users\/1"}],"replies":[{"embeddable":true,"href":"https:\/\/www.calmateu.es\/fr\/wp-json\/wp\/v2\/comments?post=1089"}],"version-history":[{"count":2,"href":"https:\/\/www.calmateu.es\/fr\/wp-json\/wp\/v2\/pages\/1089\/revisions"}],"predecessor-version":[{"id":1092,"href":"https:\/\/www.calmateu.es\/fr\/wp-json\/wp\/v2\/pages\/1089\/revisions\/1092"}],"wp:attachment":[{"href":"https:\/\/www.calmateu.es\/fr\/wp-json\/wp\/v2\/media?parent=1089"}],"curies":[{"name":"wp","href":"https:\/\/api.w.org\/{rel}","templated":true}]}}