{"id":1099,"date":"2021-10-19T11:29:50","date_gmt":"2021-10-19T09:29:50","guid":{"rendered":"http:\/\/www.calmateu.es\/politica-de-privadesa\/"},"modified":"2021-10-26T13:09:57","modified_gmt":"2021-10-26T11:09:57","slug":"politica-de-privadesa","status":"publish","type":"page","link":"https:\/\/www.calmateu.es\/es\/politica-de-privadesa\/","title":{"rendered":"Pol\u00edtica de privacidad"},"content":{"rendered":"\r\n<p>La utilizaci\u00f3n de la web y \/ o de cualquiera de los servicios ofrecidos por CAL MATEU implica la aceptaci\u00f3n por el usuario de las disposiciones contenidas en la presente Pol\u00edtica de Privacidad y que sus datos personales sean tratados seg\u00fan se estipula en ella. Por favor, tenga en cuenta que a pesar de que pueda haber enlaces de nuestra web a otras webs o redes sociales, esta Pol\u00edtica de Privacidad no se aplica a las webs de otras compa\u00f1\u00edas u organizaciones a las que la web est\u00e9 redirigida. CAL MATEU no controla el contenido de las webs de terceros, ni acepta cualquier responsabilidad por el contenido o las pol\u00edticas de privacidad de estas webs.<\/p>\r\n<p>En el apartado contacto de la web se solicita a los usuarios datos de car\u00e1cter personal como son el nombre y la direcci\u00f3n electr\u00f3nica, a fin de llevar a cabo la gesti\u00f3n o servicio que han solicitado. Estos datos se integran en los correspondientes ficheros de CAL MATEU de acuerdo con la legislaci\u00f3n o la normativa vigente.<\/p>\r\n<p>CAL MATEU garantiza la confidencialidad en el tratamiento de los datos de car\u00e1cter personal que se recogen, as\u00ed como la implantaci\u00f3n de las medidas, de orden t\u00e9cnico y organizativo, que garanticen la seguridad de estos datos.<\/p>\r\n<p>CAL MATEU utilizar\u00e1 estos datos exclusivamente para la prestaci\u00f3n del servicio o gesti\u00f3n solicitada y en ning\u00fan caso se ceder\u00e1n o comunicar\u00e1n a terceros sin consentimiento del usuario, excepto cuando sean necesarias para la prestaci\u00f3n del servicio solicitado o sean requeridas por las autoridades p\u00fablicas competentes, de conformidad con las disposiciones legales y reglamentarias aplicables en cada momento.<\/p>\r\n<p>INFORMACI\u00d3N B\u00c1SICA SOBRE EL TRATAMIENTO DE DATOS<br \/>En cumplimiento de la Ley Org\u00e1nica 15\/1999, de 13 diciembre, sobre Protecci\u00f3n de Datos de Car\u00e1cter Personal, y del Reglamento (UE) 2016\/679 del Parlamento Europeo y del Consejo, de 27 de abril de 2016, (RGPD), le ofrecemos la siguiente informaci\u00f3n sobre el tratamiento de sus datos personales:<\/p>\r\n<p><strong>Responsable del tratamiento:<\/strong>\u00a0JOSEP CARLES VICENTE PERELL\u00d3 (CAL MATEU)<\/p>\r\n<p><strong>Finalidad del tratamiento:<\/strong>\u00a0Ofrecer y prestar nuestros servicios de ALOJAMIENTO TUR\u00cdSTICO en forma de Casa rural de alquiler \u00edntegro o por habitaciones y, en caso de consentimiento, informarle de nuestros servicios y actividades por cualquier medio de comunicaci\u00f3n.<\/p>\r\n<p><strong>Legitimaci\u00f3n del tratamiento<\/strong>: El tratamiento es necesario para poder dar respuesta a las solicitudes de los interesados, y prestarle el servicio solicitado. Es para estos tratamientos para los que solicitamos su consentimiento. Usted podr\u00e1 retirar su consentimiento en cualquier momento.<\/p>\r\n<p><strong>Procedencia de los datos:<\/strong>\u00a0Los datos los proporcionan nuestros clientes y usuarios y los solicitantes de informaci\u00f3n.<\/p>\r\n<p><strong>Comunicaci\u00f3n de datos:<\/strong>\u00a0Sus datos ser\u00e1n comunicados a las administraciones p\u00fablicas, siempre que lo exija la legislaci\u00f3n vigente, y en todas aquellas entidades a las que sea necesario para poder cumplir con la finalidad del tratamiento.<\/p>\r\n<p><strong>Derechos:<\/strong>\u00a0Los interesados tienen derecho a ejercer los derechos de acceso, rectificaci\u00f3n, limitaci\u00f3n de tratamiento, supresi\u00f3n, portabilidad y oposici\u00f3n en el Responsable del tratamiento y a dirigirse a la Autoridad de Control competente para presentar la reclamaci\u00f3n que considere oportuna.<\/p>\r\n<p><strong>Informaci\u00f3n adicional<\/strong>: Puede consultar la informaci\u00f3n adicional y detallada sobre el tratamiento de datos a continuaci\u00f3n a las \u00abCuestiones sobre privacidad\u00bb.<\/p>\r\n<p><strong>CUESTIONES SOBRE PRIVACIDAD<\/strong><br \/>Qui\u00e9n es el titular de esta web y el responsable del tratamiento de sus datos?<\/p>\r\n<p>Identidad: JOSEP CARLES VICENTE PERELL\u00d3 (CAL MATEU)<\/p>\r\n<p>NIF: 39870946D<\/p>\r\n<p>Direcci\u00f3n: C\/ MAJOR, 20<br \/>43372- LA BISBAL DE FALSET<\/p>\r\n<p>Email: info@calmateu.es<\/p>\r\n<p><strong>\u00bfCon que finalidad tratamos sus datos personales?<\/strong><br \/>Tratamos la informaci\u00f3n que nos facilita para ofrecer y prestarle nuestros servicios inform\u00e1ticos y, en caso de consentimiento, informarle de nuestros servicios y actividades por cualquier medio de comunicaci\u00f3n, y es por ello que solicitamos su consentimiento.<\/p>\r\n<p><strong>\u00bfPor cu\u00e1nto tiempo conservaremos sus datos?<\/strong><br \/>Los datos personales proporcionados se conservar\u00e1n mientras sea usuario de nuestros servicios o quiera recibir informaci\u00f3n, y luego, durante el plazos establecidos para cumplir con nuestras obligaciones legales.<\/p>\r\n<p><strong>\u00bfCu\u00e1l es la legitimaci\u00f3n para\u00a0 el tratamiento de sus datos?<\/strong><br \/>La base legal para el tratamiento de sus datos es su consentimiento, que podr\u00e1 revocar en cualquier momento.<\/p>\r\n<p><strong>\u00bfA qu\u00e9 destinatarios se comunicar\u00e1n sus datos?<\/strong><br \/>Realizaremos comunicaciones de datos siempre que lo exija la legislaci\u00f3n vigente para atender nuestras obligaciones legales con las diferentes administraciones competentes, y cuando sea necesario para la prestaci\u00f3n del servicio solicitado por el interesado. El hecho de no facilitar los datos a estas entidades, puede conllevar que no se pueda cumplir con la prestaci\u00f3n de los servicios solicitados.<\/p>\r\n<p><strong>\u00bfCu\u00e1les son sus derechos cuando nos facilita sus datos?<\/strong><br \/>Cualquier persona tiene derecho a obtener confirmaci\u00f3n sobre si estamos tratando o no sus datos personales.<br \/>Los interesados \u200b\u200btienen derecho a acceder a sus datos personales, as\u00ed como a solicitar la rectificaci\u00f3n de los datos inexactos o, en su caso, solicitar su supresi\u00f3n cuando, entre otros motivos, los datos ya no sean necesarias para las finalidades para las que se recogieron.<br \/>En determinadas circunstancias los interesados \u200b\u200bpodr\u00e1n solicitar la limitaci\u00f3n del tratamiento de sus datos, en este caso \u00fanicamente los conservaremos para el ejercicio o la defensa de reclamaciones.<br \/>Tambi\u00e9n, en determinadas circunstancias y por motivos relacionados con su situaci\u00f3n particular, los interesados \u200b\u200bpueden oponerse al tratamiento de sus datos. En este caso dejaremos de tratar los datos, excepto por motivos leg\u00edtimos imperiosos o para el ejercicio o la defensa de posibles reclamaciones.<br \/>Los interesados \u200b\u200btambi\u00e9n tienen derecho a la portabilidad de sus datos.<br \/>Finalmente, los interesados \u200b\u200btienen derecho a presentar una reclamaci\u00f3n ante la Autoridad de Control competente.<\/p>\r\n<p><strong>\u00bfC\u00f3mo puede ejercer sus derechos?<\/strong><br \/>Puede ejercer sus derechos envi\u00e1ndonos su petici\u00f3n por escrito, con copia de su DNI, a nuestra direcci\u00f3n f\u00edsica o electr\u00f3nica, indicando la referencia \u00abLOPD\u00bb.<\/p>\r\n<p><strong>\u00bfC\u00f3mo hemos obtenido sus datos?<\/strong><br \/>Los datos personales que tratamos proceden del propio interesados. El interesado garantiza que los datos personales facilitados son ciertos y se hace responsable de comunicar cualquier modificaci\u00f3n. Los datos que est\u00e9n marcadas con un asterisco ser\u00e1n obligatorias para poder darle el servicio solicitado.<\/p>\r\n<p><strong>\u00bfQu\u00e9 datos tratamos?<\/strong><br \/>Las categor\u00edas de datos que podemos tratar en la prestaci\u00f3n de nuestros servicios son:<br \/>Datos de identificaci\u00f3n<br \/>direcciones electr\u00f3nicas<br \/>Los datos son limitadas, dado que \u00fanicamente tratamos los datos necesarios para el ofrecimiento y la prestaci\u00f3n del servicio, en caso de consentimiento.<br \/>No tratamos datos especialmente protegidos.<br \/>\u00bfQu\u00e9 medidas de seguridad aplicamos?<br \/>Aplicamos las medidas de seguridad exigidas por el Real Decreto 1720\/2007, de 21 de diciembre, por el que se aprueba el Reglamento de desarrollo de la Ley Org\u00e1nica 15\/1999, de 13 de diciembre, de protecci\u00f3n de datos de car\u00e1cter personal, teniendo los mecanismos necesarios para salvaguardar la confidencialidad, integridad y disponibilidad de los datos y prevenir, en la medida de lo posible, el acceso no autorizado, robo, modificaciones il\u00edcitas y la p\u00e9rdida de datos.<\/p>\r\n<p><strong>\u00bfC\u00f3mo tratamos los datos por cuenta de terceros?<\/strong><br \/>En los casos en que nuestros servicios impliquen el tratamiento de datos personales por cuenta de nuestros clientes en condici\u00f3n de encargados de tratamiento, lo haremos de conformidad con lo establecido en el art\u00edculo 28 del Reglamento (UE) 2016\/679 del Parlamento Europeo y del Consejo, de 27 de abril de 2016 (RGPD). Por ello CAL MATEU:<br \/>a) tratar\u00e1 los datos personales \u00fanicamente siguiendo instrucciones documentadas del responsable, inclusive con respecto a las transferencias de datos personales a un tercer pa\u00eds o una organizaci\u00f3n internacional, a menos que est\u00e9 obligado a ello en virtud del Derecho de la Uni\u00f3n o de los Estados miembros que aplique a CAL MATEU; en este caso, CAL MATEU informar\u00e1 al responsable de esta exigencia legal previa al tratamiento, a menos que tal Derecho lo proh\u00edba por razones importantes de inter\u00e9s p\u00fablico;<br \/>b) garantizar\u00e1 que las personas autorizadas para tratar datos personales se hayan comprometido a respetar la confidencialidad o est\u00e9n sujetos a una obligaci\u00f3n de confidencialidad de naturaleza estatutaria;<br \/>c) tomar\u00e1 todas las medidas de seguridad necesarias de conformidad con el art\u00edculo 32 (RGPD);<br \/>d) respetar\u00e1 las condiciones indicadas en el RGPD para recurrir a otro encargado del tratamiento;<br \/>e) asistir\u00e1 al responsable, teniendo cuenta la naturaleza del tratamiento, a trav\u00e9s de medidas t\u00e9cnicas y organizativas apropiadas, siempre que sea posible, para que \u00e9ste pueda cumplir con su obligaci\u00f3n de responder a las solicitudes que tengan por objeto el ejercicio de los derechos de los interesados \u200b\u200bque establece el cap\u00edtulo III del RGPD;<br \/>f) ayudar\u00e1 el responsable garantizar el cumplimiento de las obligaciones establecidas en los art\u00edculos 32 a 36 del RGPD, teniendo en cuenta la naturaleza del tratamiento y la informaci\u00f3n a disposici\u00f3n del encargado;<br \/>g) a elecci\u00f3n del responsable, suprimir\u00e1 o volver\u00e1 todos los datos personales una vez finalice la prestaci\u00f3n de los servicios de tratamiento, y suprimir\u00e1 las copias existentes a menos que se requiera la conservaci\u00f3n de los datos personales en virtud del Derecho de la Uni\u00f3n o de los Estados miembros;<br \/>h) pondr\u00e1 a disposici\u00f3n del responsable toda la informaci\u00f3n necesaria para demostrar el cumplimiento de las obligaciones establecidas en el art. 28 del RGPD, as\u00ed como para permitir y contribuir a la realizaci\u00f3n de auditor\u00edas, incluidas inspecciones, por parte del responsable o de otro auditor autorizado por este responsable.<\/p>\r\n","protected":false},"excerpt":{"rendered":"<p>La utilizaci\u00f3n de la web y \/ o de cualquiera de los servicios ofrecidos por CAL MATEU implica la aceptaci\u00f3n por el usuario de las disposiciones contenidas en la presente Pol\u00edtica de Privacidad y que sus datos personales sean tratados seg\u00fan se estipula en ella. Por favor, tenga en cuenta que a pesar de que [&hellip;]<\/p>\n","protected":false},"author":1,"featured_media":0,"parent":0,"menu_order":0,"comment_status":"closed","ping_status":"open","template":"","meta":{"_et_pb_use_builder":"","_et_pb_old_content":"","_et_gb_content_width":"","footnotes":""},"class_list":["post-1099","page","type-page","status-publish","hentry"],"_links":{"self":[{"href":"https:\/\/www.calmateu.es\/es\/wp-json\/wp\/v2\/pages\/1099","targetHints":{"allow":["GET"]}}],"collection":[{"href":"https:\/\/www.calmateu.es\/es\/wp-json\/wp\/v2\/pages"}],"about":[{"href":"https:\/\/www.calmateu.es\/es\/wp-json\/wp\/v2\/types\/page"}],"author":[{"embeddable":true,"href":"https:\/\/www.calmateu.es\/es\/wp-json\/wp\/v2\/users\/1"}],"replies":[{"embeddable":true,"href":"https:\/\/www.calmateu.es\/es\/wp-json\/wp\/v2\/comments?post=1099"}],"version-history":[{"count":2,"href":"https:\/\/www.calmateu.es\/es\/wp-json\/wp\/v2\/pages\/1099\/revisions"}],"predecessor-version":[{"id":1101,"href":"https:\/\/www.calmateu.es\/es\/wp-json\/wp\/v2\/pages\/1099\/revisions\/1101"}],"wp:attachment":[{"href":"https:\/\/www.calmateu.es\/es\/wp-json\/wp\/v2\/media?parent=1099"}],"curies":[{"name":"wp","href":"https:\/\/api.w.org\/{rel}","templated":true}]}}