{"id":1097,"date":"2021-10-20T18:39:17","date_gmt":"2021-10-20T16:39:17","guid":{"rendered":"http:\/\/www.calmateu.es\/politica-de-cookies\/"},"modified":"2021-10-26T13:07:01","modified_gmt":"2021-10-26T11:07:01","slug":"politica-de-cookies","status":"publish","type":"page","link":"https:\/\/www.calmateu.es\/es\/politica-de-cookies\/","title":{"rendered":"Pol\u00edtica de cookies"},"content":{"rendered":"\r\n<p><strong>Pol\u00edtica de Cookies<\/strong><\/p>\r\n<p>Nuestro sitio web utiliza una tecnolog\u00eda llamada \u00abcookie\u00bb, con el fin de poder obtener informaci\u00f3n sobre el uso del sitio web, mejorar la experiencia del usuario y garantizar el su correcto funcionamiento.<\/p>\r\n<p><strong>Definici\u00f3n de Cookie<\/strong><\/p>\r\n<p>Una \u00abcookie\u00bb es un peque\u00f1o fragmento de texto que los sitios web env\u00edan al navegador y que se almacenan en el terminal del usuario, (ordenador o dispositivo m\u00f3vil). Estos archivos tienen la finalidad de almacenar datos que podr\u00e1n ser actualizados y recuperadas por la entidad responsable de su instalaci\u00f3n. As\u00ed, cada vez que el usuario vuelve a visitar el mismo sitio web, el explorador recupera el archivo y lo env\u00eda al servidor del sitio web. Las cookies tienen varias funciones entre las que se incluyen, la de recoger informaci\u00f3n sobre las preferencias del usuario y recordarla, y en general, facilitar el uso del sitio web al usuario haciendo que el sitio sea m\u00e1s \u00fatil al personalizar su contenido.<\/p>\r\n<p>Las cookies se pueden clasificar en base a diferentes par\u00e1metros:<\/p>\r\n<ol>\r\n<li><strong>\u2013 Titularidad:<\/strong>\u00a0<u>cookies propias y cookies de terceros:<\/u>\u00a0dependiendo de cu\u00e1l sea la entidad que gestione el dominio desde donde se env\u00edan las cookies y se traten los datos que se obtengan.<\/li>\r\n<li><strong>\u2013 Duraci\u00f3n:<\/strong>\u00a0<u>cookies de sesi\u00f3n y cookies persistentes:<\/u>\u00a0de acuerdo con el plazo de tiempo que permanecen almacenadas en el terminal del usuario.<\/li>\r\n<li><strong>\u2013 Finalidad:<\/strong>\u00a0<u>cookies t\u00e9cnicas, cookies de personalizaci\u00f3n, cookies de an\u00e1lisis, cookies publicitarias, cookies de publicidad comportamental,<\/u>\u00a0de acuerdo con la finalidad para la que se traten los datos obtenidos.<\/li>\r\n<\/ol>\r\n<p>&nbsp;<\/p>\r\n<ul>\r\n<li>Cookies t\u00e9cnicas: Son aquellas que permiten al usuario la navegaci\u00f3n a trav\u00e9s de la p\u00e1gina web o aplicaci\u00f3n y la utilizaci\u00f3n de las diferentes opciones o servicios que en ella existen. Por ejemplo, controlar el tr\u00e1fico y la comunicaci\u00f3n de datos, identificar la sesi\u00f3n o acceder a las partes web de acceso restringido.<\/li>\r\n<\/ul>\r\n<ul>\r\n<li>Cookies de personalizaci\u00f3n: Son aquellas que permiten al usuario acceder al servicio con algunas caracter\u00edsticas de car\u00e1cter general predefinidas en su terminal o que el propio usuario defina. Por ejemplo, el idioma, el tipo de navegador a trav\u00e9s del cual accede al servicio o el dise\u00f1o de contenidos seleccionado.<\/li>\r\n<\/ul>\r\n<ul>\r\n<li>Cookies de an\u00e1lisis: Son aquellas que o bien tratadas por nosotros o por terceros, nos permiten cuantificar el n\u00famero de usuarios y as\u00ed realizar el an\u00e1lisis estad\u00edstico de la utilizaci\u00f3n que hacen los usuarios del servicio ofrecido. Para ello se analiza su navegaci\u00f3n en nuestra p\u00e1gina web para mejorar la oferta de productos o servicios que le ofrecemos.<\/li>\r\n<\/ul>\r\n<ul>\r\n<li>Cookies publicitarias: Son aquellas que permiten la gesti\u00f3n, de la forma m\u00e1s eficaz posible, los espacios publicitarios que, en su caso, el editor haya incluido en una p\u00e1gina web, aplicaci\u00f3n o plataforma desde la que presta el servicio solicitado sobre la base de criterios como el contenido editado o la frecuencia en a que se muestran los anuncios.<\/li>\r\n<\/ul>\r\n<ul>\r\n<li>Cookies de publicidad comportamental: Son aquellas que permiten la gesti\u00f3n, de la manera m\u00e1s eficaz posible, de los espacios publicitarios que, en su caso, el editor haya incluido en una p\u00e1gina web, aplicaci\u00f3n o plataforma desde la que presta el servicio solicitado. Estas cookies almacenan informaci\u00f3n del comportamiento de los usuarios obtenida a trav\u00e9s de la observaci\u00f3n continuada de sus h\u00e1bitos de navegaci\u00f3n, lo que permite desarrollar un perfil espec\u00edfico para mostrar publicidad en funci\u00f3n del mismo.<\/li>\r\n<\/ul>\r\n<p><strong>Cookies<\/strong><strong>\u00a0utilizadas en nuestro sitio web<\/strong>\u00a0<strong>\u00a0<\/strong><\/p>\r\n<p>Nuestro sitio web utiliza cookies propias de car\u00e1cter t\u00e9cnico, que son las enviadas a su ordenador y gestionadas exclusivamente por nosotros para el funcionamiento del sitio web. Estas cookies son de sesi\u00f3n.<\/p>\r\n<p>Si interact\u00faa con el contenido de nuestro sitio web, se pueden establecer cookies de complemento (plug-in) de terceros para intercambiar contenidos sociales, que son gestionadas \u00edntegramente por estos terceros.<\/p>\r\n<p><strong>Consentimiento<\/strong><\/p>\r\n<p>Al navegar y continuar en nuestro sitio web el usuario estar\u00e1 consintiendo el uso de las cookies antes enunciadas, por los plazos se\u00f1alados y en las condiciones contenidas en la presente Pol\u00edtica sobre Cookies. Asimismo, le informamos de que si usted consulta contenidos en nuestra web alojados en webs de terceros, estos tienen su propia pol\u00edtica de cookies.<\/p>\r\n<p><strong>Retirada del consentimiento<\/strong><\/p>\r\n<p>El usuario podr\u00e1 retirar en cualquier momento su consentimiento relacionado con esta Pol\u00edtica sobre Cookies, para ello tendr\u00e1 que eliminar las cookies almacenadas en su equipo utilizando los ajustes y configuraciones de su navegador de Internet.<\/p>\r\n<p><strong>Modificaci\u00f3n de la configuraci\u00f3n de las cookies<\/strong><\/p>\r\n<p>El usuario puede restringir, bloquear o borrar las cookies de cualquier sitio web, utilizando su navegador. En cada navegador la operativa es diferente, por lo que puede consultar los siguientes enlaces la forma de hacerlo:<\/p>\r\n<ul>\r\n<li><strong><a href=\"http:\/\/windows.microsoft.com\/es-xl\/internet-explorer\/delete-manage-cookies#ie=ie-10\">Internet Explorer<\/a><\/strong><\/li>\r\n<li><strong><a href=\"https:\/\/support.mozilla.org\/es\/kb\/Borrar%20cookies\">FireFox<\/a><\/strong><\/li>\r\n<li><strong><a href=\"https:\/\/support.google.com\/chrome\/answer\/95647?hl=%22es%22\">Chrome<\/a><\/strong><\/li>\r\n<li><strong><a href=\"http:\/\/www.apple.com\/es\/privacy\/use-of-cookies\/\">Safari<\/a><\/strong><\/li>\r\n<li><strong><a href=\"http:\/\/help.opera.com\/Linux\/10.50\/en\/cookies.html\">Opera<\/a><\/strong><\/li>\r\n<li><strong><a href=\"http:\/\/www.windowsphone.com\/es-es\/how-to\/wp7\/web\/changing-privacy-and-other-browser-settings\">Windows Phone<\/a><\/strong><\/li>\r\n<\/ul>\r\n<p><strong>Actualizaci\u00f3n de la pol\u00edtica de cookies<\/strong><\/p>\r\n<p>Este sitio web puede modificar esta Pol\u00edtica sobre Cookies, por ello le recomendamos revisar esta pol\u00edtica cada vez que acceda a nuestro sitio web para estar adecuadamente informado sobre el uso que hacemos de las cookies.<\/p>\r\n","protected":false},"excerpt":{"rendered":"<p>Pol\u00edtica de Cookies Nuestro sitio web utiliza una tecnolog\u00eda llamada \u00abcookie\u00bb, con el fin de poder obtener informaci\u00f3n sobre el uso del sitio web, mejorar la experiencia del usuario y garantizar el su correcto funcionamiento. Definici\u00f3n de Cookie Una \u00abcookie\u00bb es un peque\u00f1o fragmento de texto que los sitios web env\u00edan al navegador y que [&hellip;]<\/p>\n","protected":false},"author":1,"featured_media":0,"parent":0,"menu_order":0,"comment_status":"closed","ping_status":"closed","template":"","meta":{"_et_pb_use_builder":"","_et_pb_old_content":"","_et_gb_content_width":"","footnotes":""},"class_list":["post-1097","page","type-page","status-publish","hentry"],"_links":{"self":[{"href":"https:\/\/www.calmateu.es\/es\/wp-json\/wp\/v2\/pages\/1097","targetHints":{"allow":["GET"]}}],"collection":[{"href":"https:\/\/www.calmateu.es\/es\/wp-json\/wp\/v2\/pages"}],"about":[{"href":"https:\/\/www.calmateu.es\/es\/wp-json\/wp\/v2\/types\/page"}],"author":[{"embeddable":true,"href":"https:\/\/www.calmateu.es\/es\/wp-json\/wp\/v2\/users\/1"}],"replies":[{"embeddable":true,"href":"https:\/\/www.calmateu.es\/es\/wp-json\/wp\/v2\/comments?post=1097"}],"version-history":[{"count":1,"href":"https:\/\/www.calmateu.es\/es\/wp-json\/wp\/v2\/pages\/1097\/revisions"}],"predecessor-version":[{"id":1098,"href":"https:\/\/www.calmateu.es\/es\/wp-json\/wp\/v2\/pages\/1097\/revisions\/1098"}],"wp:attachment":[{"href":"https:\/\/www.calmateu.es\/es\/wp-json\/wp\/v2\/media?parent=1097"}],"curies":[{"name":"wp","href":"https:\/\/api.w.org\/{rel}","templated":true}]}}