{"id":1052,"date":"2021-10-20T11:45:33","date_gmt":"2021-10-20T09:45:33","guid":{"rendered":"http:\/\/www.calmateu.es\/tarifes\/"},"modified":"2021-10-26T13:10:25","modified_gmt":"2021-10-26T11:10:25","slug":"tarifes","status":"publish","type":"page","link":"https:\/\/www.calmateu.es\/es\/tarifes\/","title":{"rendered":"Tarifas"},"content":{"rendered":"<p>[et_pb_section fb_built=\u00bb1&#8243; _builder_version=\u00bb4.11.3&#8243; _module_preset=\u00bbdefault\u00bb custom_padding=\u00bb50px||0px||false|false\u00bb global_colors_info=\u00bb{}\u00bb][et_pb_row use_custom_gutter=\u00bbon\u00bb gutter_width=\u00bb1&#8243; _builder_version=\u00bb4.11.3&#8243; _module_preset=\u00bbdefault\u00bb background_image=\u00bbhttp:\/\/www.calmateu.es\/wp-content\/uploads\/2021\/10\/cal-mateu-cap-tarifes.jpg\u00bb width=\u00bb100%\u00bb max_width=\u00bb2048px\u00bb module_alignment=\u00bbcenter\u00bb custom_margin=\u00bb-50px|auto|-50px|auto|false|false\u00bb custom_padding=\u00bb0px||76px|||\u00bb global_colors_info=\u00bb{}\u00bb][et_pb_column type=\u00bb4_4&#8243; _builder_version=\u00bb4.11.3&#8243; _module_preset=\u00bbdefault\u00bb global_colors_info=\u00bb{}\u00bb][et_pb_text _builder_version=\u00bb4.11.3&#8243; _module_preset=\u00bbdefault\u00bb text_text_color=\u00bb#FFFFFF\u00bb text_font_size=\u00bb40px\u00bb header_text_align=\u00bbcenter\u00bb header_text_color=\u00bb#FFFFFF\u00bb header_font_size=\u00bb76px\u00bb custom_padding=\u00bb110px||8px|||\u00bb hover_enabled=\u00bb0&#8243; header_text_shadow_style=\u00bbpreset1&#8243; global_colors_info=\u00bb{}\u00bb sticky_enabled=\u00bb0&#8243;]<\/p>\n<div class=\"elementor-element elementor-element-61b62bb elementor-widget elementor-widget-heading\" data-id=\"61b62bb\" data-element_type=\"widget\" data-widget_type=\"heading.default\">\n<div class=\"elementor-widget-container\">\n<h1 class=\"elementor-heading-title elementor-size-default\" style=\"text-align: center;\">TARIFAS<\/h1>\n<p>&nbsp;<\/p>\n<\/div>\n<\/div>\n<p>[\/et_pb_text][\/et_pb_column][\/et_pb_row][\/et_pb_section][et_pb_section fb_built=\u00bb1&#8243; _builder_version=\u00bb4.11.3&#8243; _module_preset=\u00bbdefault\u00bb custom_padding=\u00bb32px|||||\u00bb global_colors_info=\u00bb{}\u00bb][et_pb_row column_structure=\u00bb3_5,2_5&#8243; _builder_version=\u00bb4.11.3&#8243; _module_preset=\u00bbdefault\u00bb background_color=\u00bb#ffffff\u00bb global_colors_info=\u00bb{}\u00bb][et_pb_column type=\u00bb3_5&#8243; _builder_version=\u00bb4.11.3&#8243; _module_preset=\u00bbdefault\u00bb global_colors_info=\u00bb{}\u00bb][et_pb_text _builder_version=\u00bb4.11.3&#8243; _module_preset=\u00bbdefault\u00bb hover_enabled=\u00bb0&#8243; global_colors_info=\u00bb{}\u00bb sticky_enabled=\u00bb0&#8243;]<\/p>\n<p><strong>Precios IVA incluido<\/strong><\/p>\n<p>La casa solo la puede alquilar un \u00fanico grupo. Hay dos opciones:<\/p>\n<ul>\n<li>Hasta 6 personas ocupando una sola planta. Precio: 120\u20ac\/noche<\/li>\n<li>De 7 a 10 personas ocupando toda la casa. Precio: 200\u20ac\/noche<\/li>\n<\/ul>\n<p>En la casa habr\u00e1 gel hidroalcoh\u00f3lico.<\/p>\n<p>Al llegar los clientes se les facilitar\u00e1 la llave de la entrada.<\/p>\n<p>[\/et_pb_text][et_pb_text _builder_version=\u00bb4.11.3&#8243; _module_preset=\u00bbdefault\u00bb hover_enabled=\u00bb0&#8243; global_colors_info=\u00bb{}\u00bb sticky_enabled=\u00bb0&#8243;]<\/p>\n<h4><strong>Como reservar:<\/strong><\/h4>\n<p>La reserva se puede hacer por tel\u00e9fono o por email.<\/p>\n<ul>\n<li>Telf. 687 467 963 \u2013 Preguntar por Merc\u00e8.<\/li>\n<li>Por e-mail: info@calmateu.es<\/li>\n<\/ul>\n<p>Para formalizar la reserva hay que hacer un ingreso del 20% de la estancia en el n\u00famero de cuenta que se le facilitar\u00e1 y enviar el comprobante del ingreso v\u00eda email.<\/p>\n<p><strong>No se aceptan tarjetas de cr\u00e9dito.<\/strong><br \/>\nNi\u00f1os y ni\u00f1as hasta 2 a\u00f1os, gratis.<\/p>\n<p>[\/et_pb_text][\/et_pb_column][et_pb_column type=\u00bb2_5&#8243; _builder_version=\u00bb4.11.3&#8243; _module_preset=\u00bbdefault\u00bb global_colors_info=\u00bb{}\u00bb][et_pb_image src=\u00bbhttp:\/\/www.calmateu.es\/wp-content\/uploads\/2021\/10\/calmateu_entrada_1.jpg\u00bb title_text=\u00bbcalmateu_entrada_1&#8243; _builder_version=\u00bb4.11.3&#8243; _module_preset=\u00bbdefault\u00bb global_colors_info=\u00bb{}\u00bb][\/et_pb_image][\/et_pb_column][\/et_pb_row][\/et_pb_section]<\/p>\n","protected":false},"excerpt":{"rendered":"<p>TARIFAS &nbsp; Precios IVA incluido La casa solo la puede alquilar un \u00fanico grupo. Hay dos opciones: Hasta 6 personas ocupando una sola planta. Precio: 120\u20ac\/noche De 7 a 10 personas ocupando toda la casa. Precio: 200\u20ac\/noche En la casa habr\u00e1 gel hidroalcoh\u00f3lico. Al llegar los clientes se les facilitar\u00e1 la llave de la entrada. [&hellip;]<\/p>\n","protected":false},"author":1,"featured_media":0,"parent":0,"menu_order":0,"comment_status":"closed","ping_status":"closed","template":"","meta":{"_et_pb_use_builder":"on","_et_pb_old_content":"","_et_gb_content_width":"","footnotes":""},"class_list":["post-1052","page","type-page","status-publish","hentry"],"_links":{"self":[{"href":"https:\/\/www.calmateu.es\/es\/wp-json\/wp\/v2\/pages\/1052","targetHints":{"allow":["GET"]}}],"collection":[{"href":"https:\/\/www.calmateu.es\/es\/wp-json\/wp\/v2\/pages"}],"about":[{"href":"https:\/\/www.calmateu.es\/es\/wp-json\/wp\/v2\/types\/page"}],"author":[{"embeddable":true,"href":"https:\/\/www.calmateu.es\/es\/wp-json\/wp\/v2\/users\/1"}],"replies":[{"embeddable":true,"href":"https:\/\/www.calmateu.es\/es\/wp-json\/wp\/v2\/comments?post=1052"}],"version-history":[{"count":3,"href":"https:\/\/www.calmateu.es\/es\/wp-json\/wp\/v2\/pages\/1052\/revisions"}],"predecessor-version":[{"id":1102,"href":"https:\/\/www.calmateu.es\/es\/wp-json\/wp\/v2\/pages\/1052\/revisions\/1102"}],"wp:attachment":[{"href":"https:\/\/www.calmateu.es\/es\/wp-json\/wp\/v2\/media?parent=1052"}],"curies":[{"name":"wp","href":"https:\/\/api.w.org\/{rel}","templated":true}]}}