{"id":1046,"date":"2021-10-20T11:26:23","date_gmt":"2021-10-20T09:26:23","guid":{"rendered":"http:\/\/www.calmateu.es\/productes-ecologics\/"},"modified":"2021-10-21T16:55:25","modified_gmt":"2021-10-21T14:55:25","slug":"productes-ecologics","status":"publish","type":"page","link":"https:\/\/www.calmateu.es\/es\/productes-ecologics\/","title":{"rendered":"Productos Ecol\u00f3gicos"},"content":{"rendered":"<p>[et_pb_section fb_built=\u00bb1&#8243; _builder_version=\u00bb4.11.3&#8243; _module_preset=\u00bbdefault\u00bb custom_padding=\u00bb50px||0px||false|false\u00bb global_colors_info=\u00bb{}\u00bb][et_pb_row use_custom_gutter=\u00bbon\u00bb gutter_width=\u00bb1&#8243; _builder_version=\u00bb4.11.3&#8243; _module_preset=\u00bbdefault\u00bb background_enable_image=\u00bboff\u00bb width=\u00bb100%\u00bb max_width=\u00bb2048px\u00bb module_alignment=\u00bbcenter\u00bb custom_margin=\u00bb-50px|auto|-50px|auto|false|false\u00bb custom_padding=\u00bb0px||0px|||\u00bb global_colors_info=\u00bb{}\u00bb][et_pb_column type=\u00bb4_4&#8243; _builder_version=\u00bb4.11.3&#8243; _module_preset=\u00bbdefault\u00bb global_colors_info=\u00bb{}\u00bb][et_pb_text _builder_version=\u00bb4.11.3&#8243; _module_preset=\u00bbdefault\u00bb text_text_color=\u00bb#FFFFFF\u00bb text_font_size=\u00bb40px\u00bb header_text_align=\u00bbcenter\u00bb header_text_color=\u00bb#000000&#8243; header_font_size=\u00bb50px\u00bb custom_padding=\u00bb51px||8px|||\u00bb global_colors_info=\u00bb{}\u00bb]<\/p>\n<div class=\"elementor-element elementor-element-61b62bb elementor-widget elementor-widget-heading\" data-id=\"61b62bb\" data-element_type=\"widget\" data-widget_type=\"heading.default\">\n<div class=\"elementor-widget-container\">\n<h1 class=\"elementor-heading-title elementor-size-default\" style=\"text-align: center;\">PRODUCTOS ECOL\u00d3GICOS<\/h1>\n<p>&nbsp;<\/p>\n<\/div>\n<\/div>\n<p>[\/et_pb_text][\/et_pb_column][\/et_pb_row][\/et_pb_section][et_pb_section fb_built=\u00bb1&#8243; _builder_version=\u00bb4.11.3&#8243; _module_preset=\u00bbdefault\u00bb custom_padding=\u00bb32px|||||\u00bb global_colors_info=\u00bb{}\u00bb][et_pb_row _builder_version=\u00bb4.11.3&#8243; _module_preset=\u00bbdefault\u00bb global_colors_info=\u00bb{}\u00bb][et_pb_column type=\u00bb4_4&#8243; _builder_version=\u00bb4.11.3&#8243; _module_preset=\u00bbdefault\u00bb global_colors_info=\u00bb{}\u00bb][et_pb_text _builder_version=\u00bb4.11.3&#8243; _module_preset=\u00bbdefault\u00bb global_colors_info=\u00bb{}\u00bb]<\/p>\n<p>Carles, propietario de Cal Mateu, es campesino dedicado b\u00e1sicamente a la elaboraci\u00f3n de aceite ecol\u00f3gico de gran calidad, envasado con la propia marca \u201cCal Mateu 1720\u201d<\/p>\n<p>[\/et_pb_text][\/et_pb_column][\/et_pb_row][et_pb_row column_structure=\u00bb2_5,3_5&#8243; make_equal=\u00bbon\u00bb _builder_version=\u00bb4.11.3&#8243; _module_preset=\u00bbdefault\u00bb width=\u00bb90%\u00bb global_colors_info=\u00bb{}\u00bb][et_pb_column type=\u00bb2_5&#8243; _builder_version=\u00bb4.11.3&#8243; _module_preset=\u00bbdefault\u00bb global_colors_info=\u00bb{}\u00bb][et_pb_image src=\u00bbhttp:\/\/www.calmateu.es\/wp-content\/uploads\/2021\/10\/oli-Cal-Mateu-2.jpg\u00bb title_text=\u00bboli-Cal-Mateu-2&#8243; _builder_version=\u00bb4.11.3&#8243; _module_preset=\u00bbdefault\u00bb global_colors_info=\u00bb{}\u00bb][\/et_pb_image][\/et_pb_column][et_pb_column type=\u00bb3_5&#8243; _builder_version=\u00bb4.11.3&#8243; _module_preset=\u00bbdefault\u00bb global_colors_info=\u00bb{}\u00bb][et_pb_image src=\u00bbhttp:\/\/www.calmateu.es\/wp-content\/uploads\/2021\/10\/Oli-Cal-Mateu.jpg\u00bb title_text=\u00bbOli-Cal-Mateu\u00bb _builder_version=\u00bb4.11.3&#8243; _module_preset=\u00bbdefault\u00bb global_colors_info=\u00bb{}\u00bb][\/et_pb_image][\/et_pb_column][\/et_pb_row][et_pb_row _builder_version=\u00bb4.11.3&#8243; _module_preset=\u00bbdefault\u00bb global_colors_info=\u00bb{}\u00bb][et_pb_column type=\u00bb4_4&#8243; _builder_version=\u00bb4.11.3&#8243; _module_preset=\u00bbdefault\u00bb global_colors_info=\u00bb{}\u00bb][et_pb_text _builder_version=\u00bb4.11.3&#8243; _module_preset=\u00bbdefault\u00bb global_colors_info=\u00bb{}\u00bb]<\/p>\n<p>Aunque \u00e9l mismo se considera \u00abneorural\u00bb, Carles y su familia hace m\u00e1s de 28 a\u00f1os que viven y trabajan las tierras de los entornos de La Bisbal. La base de su explotaci\u00f3n es el aceite, pero con los a\u00f1os han ido ampliando horizontes y actualmente ofrecen una amplia diversidad de productos de huerta con certificaci\u00f3n ecol\u00f3gica.<\/p>\n<p>Desde el convencimiento de que el futuro del mundo agrario depende del control de todo el proceso, desde la elaboraci\u00f3n hasta la venta del producto y de la importancia del contacto directo entre el productor y el consumidor, este negocio familiar seguir\u00e1 plante\u00e1ndose nuevos retos con el objetivo de poder cerrar el ciclo y transformar muchos de los productos que ellos mismos cultivan.<\/p>\n<p>[\/et_pb_text][modula_gallery gallery_select=\u00bb78&#8243; _builder_version=\u00bb4.11.3&#8243; _module_preset=\u00bbdefault\u00bb global_colors_info=\u00bb{}\u00bb][\/modula_gallery][\/et_pb_column][\/et_pb_row][\/et_pb_section]<\/p>\n","protected":false},"excerpt":{"rendered":"<p>PRODUCTOS ECOL\u00d3GICOS &nbsp; Carles, propietario de Cal Mateu, es campesino dedicado b\u00e1sicamente a la elaboraci\u00f3n de aceite ecol\u00f3gico de gran calidad, envasado con la propia marca \u201cCal Mateu 1720\u201dAunque \u00e9l mismo se considera \u00abneorural\u00bb, Carles y su familia hace m\u00e1s de 28 a\u00f1os que viven y trabajan las tierras de los entornos de La Bisbal. [&hellip;]<\/p>\n","protected":false},"author":1,"featured_media":0,"parent":0,"menu_order":0,"comment_status":"closed","ping_status":"closed","template":"","meta":{"_et_pb_use_builder":"on","_et_pb_old_content":"","_et_gb_content_width":"","footnotes":""},"class_list":["post-1046","page","type-page","status-publish","hentry"],"_links":{"self":[{"href":"https:\/\/www.calmateu.es\/es\/wp-json\/wp\/v2\/pages\/1046","targetHints":{"allow":["GET"]}}],"collection":[{"href":"https:\/\/www.calmateu.es\/es\/wp-json\/wp\/v2\/pages"}],"about":[{"href":"https:\/\/www.calmateu.es\/es\/wp-json\/wp\/v2\/types\/page"}],"author":[{"embeddable":true,"href":"https:\/\/www.calmateu.es\/es\/wp-json\/wp\/v2\/users\/1"}],"replies":[{"embeddable":true,"href":"https:\/\/www.calmateu.es\/es\/wp-json\/wp\/v2\/comments?post=1046"}],"version-history":[{"count":3,"href":"https:\/\/www.calmateu.es\/es\/wp-json\/wp\/v2\/pages\/1046\/revisions"}],"predecessor-version":[{"id":1051,"href":"https:\/\/www.calmateu.es\/es\/wp-json\/wp\/v2\/pages\/1046\/revisions\/1051"}],"wp:attachment":[{"href":"https:\/\/www.calmateu.es\/es\/wp-json\/wp\/v2\/media?parent=1046"}],"curies":[{"name":"wp","href":"https:\/\/api.w.org\/{rel}","templated":true}]}}