{"id":1021,"date":"2021-10-20T10:46:14","date_gmt":"2021-10-20T08:46:14","guid":{"rendered":"http:\/\/www.calmateu.es\/cal-mateu\/"},"modified":"2021-10-21T16:26:20","modified_gmt":"2021-10-21T14:26:20","slug":"cal-mateu","status":"publish","type":"page","link":"https:\/\/www.calmateu.es\/es\/cal-mateu\/","title":{"rendered":"Cal Mateu"},"content":{"rendered":"<p>[et_pb_section fb_built=\u00bb1&#8243; _builder_version=\u00bb4.11.3&#8243; _module_preset=\u00bbdefault\u00bb custom_padding=\u00bb50px||0px||false|false\u00bb global_colors_info=\u00bb{}\u00bb][et_pb_row use_custom_gutter=\u00bbon\u00bb gutter_width=\u00bb1&#8243; _builder_version=\u00bb4.11.3&#8243; _module_preset=\u00bbdefault\u00bb background_image=\u00bbhttp:\/\/www.calmateu.es\/wp-content\/uploads\/2021\/10\/cal-mateu-cap-calmateu.jpg\u00bb width=\u00bb100%\u00bb max_width=\u00bb2048px\u00bb module_alignment=\u00bbcenter\u00bb custom_margin=\u00bb-50px|auto|-50px|auto|false|false\u00bb custom_padding=\u00bb0px||76px|||\u00bb global_colors_info=\u00bb{}\u00bb][et_pb_column type=\u00bb4_4&#8243; _builder_version=\u00bb4.11.3&#8243; _module_preset=\u00bbdefault\u00bb global_colors_info=\u00bb{}\u00bb][et_pb_text _builder_version=\u00bb4.11.3&#8243; _module_preset=\u00bbdefault\u00bb text_text_color=\u00bb#FFFFFF\u00bb text_font_size=\u00bb40px\u00bb header_text_align=\u00bbcenter\u00bb header_text_color=\u00bb#FFFFFF\u00bb header_font_size=\u00bb76px\u00bb custom_padding=\u00bb110px||8px|||\u00bb hover_enabled=\u00bb0&#8243; header_text_shadow_style=\u00bbpreset1&#8243; global_colors_info=\u00bb{}\u00bb sticky_enabled=\u00bb0&#8243;]<\/p>\n<div class=\"elementor-element elementor-element-61b62bb elementor-widget elementor-widget-heading\" data-id=\"61b62bb\" data-element_type=\"widget\" data-widget_type=\"heading.default\">\n<div class=\"elementor-widget-container\">\n<h1 class=\"elementor-heading-title elementor-size-default\" style=\"text-align: center;\">CAL MATEU<\/h1>\n<\/div>\n<\/div>\n<p>[\/et_pb_text][\/et_pb_column][\/et_pb_row][\/et_pb_section][et_pb_section fb_built=\u00bb1&#8243; _builder_version=\u00bb4.11.3&#8243; _module_preset=\u00bbdefault\u00bb custom_padding=\u00bb32px|||||\u00bb global_colors_info=\u00bb{}\u00bb][et_pb_row column_structure=\u00bb1_2,1_2&#8243; _builder_version=\u00bb4.11.3&#8243; _module_preset=\u00bbdefault\u00bb background_color=\u00bb#ffffff\u00bb global_colors_info=\u00bb{}\u00bb][et_pb_column type=\u00bb1_2&#8243; _builder_version=\u00bb4.11.3&#8243; _module_preset=\u00bbdefault\u00bb global_colors_info=\u00bb{}\u00bb][et_pb_image src=\u00bbhttp:\/\/www.calmateu.es\/wp-content\/uploads\/2021\/10\/calmateu_entrada.jpg\u00bb title_text=\u00bbcalmateu_entrada\u00bb _builder_version=\u00bb4.11.3&#8243; _module_preset=\u00bbdefault\u00bb global_colors_info=\u00bb{}\u00bb][\/et_pb_image][et_pb_button button_url=\u00bb@ET-DC@eyJkeW5hbWljIjp0cnVlLCJjb250ZW50IjoicG9zdF9saW5rX3VybF9wYWdlIiwic2V0dGluZ3MiOnsicG9zdF9pZCI6Ijk2In19@\u00bb button_text=\u00bbTARIFAS Y RESERVAS\u00bb button_alignment=\u00bbcenter\u00bb _builder_version=\u00bb4.11.3&#8243; _dynamic_attributes=\u00bbbutton_url\u00bb _module_preset=\u00bbdefault\u00bb custom_button=\u00bbon\u00bb button_icon=\u00bb%%75%%\u00bb hover_enabled=\u00bb0&#8243; global_colors_info=\u00bb{}\u00bb sticky_enabled=\u00bb0&#8243;][\/et_pb_button][\/et_pb_column][et_pb_column type=\u00bb1_2&#8243; _builder_version=\u00bb4.11.3&#8243; _module_preset=\u00bbdefault\u00bb global_colors_info=\u00bb{}\u00bb][et_pb_text _builder_version=\u00bb4.11.3&#8243; _module_preset=\u00bbdefault\u00bb hover_enabled=\u00bb0&#8243; global_colors_info=\u00bb{}\u00bb sticky_enabled=\u00bb0&#8243;]<\/p>\n<p>Cal Mateu es una casa de pay\u00e9s que destaca por la tranquilidad que la rodea. Contemplar la sierra de madrugada, escuchar el silencio, pasear por un entorno natural privilegiado &#8230; son algunas de las sensaciones de las que disfrutar\u00e1 en Cal Mateu.<\/p>\n<p>Cal Mateu dispone de todo lo necesario para pasar desde un fin de semana especial en unos d\u00edas de descanso: menaje del hogar, peque\u00f1os electrodom\u00e9sticos &#8230;.<\/p>\n<p>En Cal Mateu, dispone de cocina pero si lo dese\u00e1is, podemos cocinar para vosotros. Cocina sencilla, elaborada con ingredientes naturales y aceite ecol\u00f3gico producidos por el propietario de la casa.<\/p>\n<p>Cal Mateu est\u00e1 edificada en el n\u00facleo urbano. Casa sencilla pero acogedora, es ideal para pasar unos d\u00edas en familia o con el grupo de amigos.<\/p>\n<p>Consta de seis habitaciones, repartidas en dos plantas, cuatro con cama de matrimonio y dos con camas individuales y dos ba\u00f1os compartidos, uno en cada planta. Cuatro de las habitaciones tienen vistas a la Sierra del Montsant.<\/p>\n<p>[\/et_pb_text][\/et_pb_column][\/et_pb_row][et_pb_row _builder_version=\u00bb4.11.3&#8243; _module_preset=\u00bbdefault\u00bb global_colors_info=\u00bb{}\u00bb][et_pb_column type=\u00bb4_4&#8243; _builder_version=\u00bb4.11.3&#8243; _module_preset=\u00bbdefault\u00bb global_colors_info=\u00bb{}\u00bb][et_pb_divider _builder_version=\u00bb4.11.3&#8243; _module_preset=\u00bbdefault\u00bb global_colors_info=\u00bb{}\u00bb][\/et_pb_divider][\/et_pb_column][\/et_pb_row][et_pb_row column_structure=\u00bb1_2,1_2&#8243; _builder_version=\u00bb4.11.3&#8243; _module_preset=\u00bbdefault\u00bb background_color=\u00bb#FFFFFF\u00bb custom_margin=\u00bb-21px|auto||auto||\u00bb global_colors_info=\u00bb{}\u00bb][et_pb_column type=\u00bb1_2&#8243; _builder_version=\u00bb4.11.3&#8243; _module_preset=\u00bbdefault\u00bb global_colors_info=\u00bb{}\u00bb][et_pb_text _builder_version=\u00bb4.11.3&#8243; _module_preset=\u00bbdefault\u00bb hover_enabled=\u00bb0&#8243; global_colors_info=\u00bb{}\u00bb sticky_enabled=\u00bb0&#8243;]<\/p>\n<h4><strong>A tener en cuenta<\/strong><\/h4>\n<p>En Cal Mateu encontrar\u00e9is todo lo necesario: toallas, s\u00e1banas, mantas, platos, vasos, cubiertos, peque\u00f1o electrodom\u00e9stico &#8230;<\/p>\n<p>No se cobra con tarjeta de cr\u00e9dito.<\/p>\n<p>Las gasolineras m\u00e1s cercanas est\u00e1n a:<\/p>\n<ul>\n<li>La Granadella, 25 km.<\/li>\n<li>Vinebre, 25 km.<\/li>\n<li>Cornudella, 40 km.<\/li>\n<\/ul>\n<p>[\/et_pb_text][\/et_pb_column][et_pb_column type=\u00bb1_2&#8243; _builder_version=\u00bb4.11.3&#8243; _module_preset=\u00bbdefault\u00bb global_colors_info=\u00bb{}\u00bb][et_pb_image src=\u00bbhttp:\/\/www.calmateu.es\/wp-content\/uploads\/2021\/10\/calmateu_pb_0-768&#215;512-1.jpg\u00bb title_text=\u00bbcalmateu_pb_0-768&#215;512&#8243; _builder_version=\u00bb4.11.3&#8243; _module_preset=\u00bbdefault\u00bb global_colors_info=\u00bb{}\u00bb][\/et_pb_image][\/et_pb_column][\/et_pb_row][\/et_pb_section][et_pb_section fb_built=\u00bb1&#8243; _builder_version=\u00bb4.11.3&#8243; _module_preset=\u00bbdefault\u00bb background_color=\u00bb#f9f9f9&#8243; custom_padding=\u00bb8px|||||\u00bb global_colors_info=\u00bb{}\u00bb][et_pb_row _builder_version=\u00bb4.11.3&#8243; _module_preset=\u00bbdefault\u00bb global_colors_info=\u00bb{}\u00bb][et_pb_column type=\u00bb4_4&#8243; _builder_version=\u00bb4.11.3&#8243; _module_preset=\u00bbdefault\u00bb global_colors_info=\u00bb{}\u00bb][et_pb_text _builder_version=\u00bb4.11.3&#8243; _module_preset=\u00bbdefault\u00bb header_font=\u00bb|700|||||||\u00bb header_text_color=\u00bb#0C71C3&#8243; hover_enabled=\u00bb0&#8243; global_colors_info=\u00bb{}\u00bb sticky_enabled=\u00bb0&#8243;]<\/p>\n<h1 style=\"text-align: center;\">GALERIAS DE FOTOS DE LA CASA<\/h1>\n<p>[\/et_pb_text][\/et_pb_column][\/et_pb_row][et_pb_row column_structure=\u00bb1_3,1_3,1_3&#8243; _builder_version=\u00bb4.11.3&#8243; _module_preset=\u00bbdefault\u00bb global_colors_info=\u00bb{}\u00bb][et_pb_column type=\u00bb1_3&#8243; _builder_version=\u00bb4.11.3&#8243; _module_preset=\u00bbdefault\u00bb global_colors_info=\u00bb{}\u00bb][et_pb_blurb title=\u00bbPLANTA BAJA\u00bb url=\u00bb@ET-DC@eyJkeW5hbWljIjp0cnVlLCJjb250ZW50IjoicG9zdF9saW5rX3VybF9wYWdlIiwic2V0dGluZ3MiOnsicG9zdF9pZCI6IjI1OCJ9fQ==@\u00bb image=\u00bbhttp:\/\/www.calmateu.es\/wp-content\/uploads\/2021\/10\/calmateu_pb.jpg\u00bb _builder_version=\u00bb4.11.3&#8243; _dynamic_attributes=\u00bburl\u00bb _module_preset=\u00bbdefault\u00bb header_font=\u00bb|700|||||||\u00bb header_text_align=\u00bbcenter\u00bb header_text_color=\u00bb#FFFFFF\u00bb background_color=\u00bb#0C71C3&#8243; hover_enabled=\u00bb0&#8243; global_colors_info=\u00bb{}\u00bb sticky_enabled=\u00bb0&#8243;][\/et_pb_blurb][\/et_pb_column][et_pb_column type=\u00bb1_3&#8243; _builder_version=\u00bb4.11.3&#8243; _module_preset=\u00bbdefault\u00bb global_colors_info=\u00bb{}\u00bb][et_pb_blurb title=\u00bbPRIMERA PLANTA\u00bb url=\u00bb@ET-DC@eyJkeW5hbWljIjp0cnVlLCJjb250ZW50IjoicG9zdF9saW5rX3VybF9wYWdlIiwic2V0dGluZ3MiOnsicG9zdF9pZCI6IjI3MCJ9fQ==@\u00bb image=\u00bbhttp:\/\/www.calmateu.es\/wp-content\/uploads\/2021\/10\/calmateu_p1.jpg\u00bb _builder_version=\u00bb4.11.3&#8243; _dynamic_attributes=\u00bburl\u00bb _module_preset=\u00bbdefault\u00bb header_font=\u00bb|700|||||||\u00bb header_text_align=\u00bbcenter\u00bb header_text_color=\u00bb#FFFFFF\u00bb background_color=\u00bb#0C71C3&#8243; hover_enabled=\u00bb0&#8243; global_colors_info=\u00bb{}\u00bb sticky_enabled=\u00bb0&#8243;][\/et_pb_blurb][\/et_pb_column][et_pb_column type=\u00bb1_3&#8243; _builder_version=\u00bb4.11.3&#8243; _module_preset=\u00bbdefault\u00bb global_colors_info=\u00bb{}\u00bb][et_pb_blurb title=\u00bbSEGUNDA PLANTA\u00bb url=\u00bb@ET-DC@eyJkeW5hbWljIjp0cnVlLCJjb250ZW50IjoicG9zdF9saW5rX3VybF9wYWdlIiwic2V0dGluZ3MiOnsicG9zdF9pZCI6IjI3MyJ9fQ==@\u00bb image=\u00bbhttp:\/\/www.calmateu.es\/wp-content\/uploads\/2021\/10\/calmateu_p2.jpg\u00bb _builder_version=\u00bb4.11.3&#8243; _dynamic_attributes=\u00bburl\u00bb _module_preset=\u00bbdefault\u00bb header_font=\u00bb|700|||||||\u00bb header_text_align=\u00bbcenter\u00bb header_text_color=\u00bb#FFFFFF\u00bb background_color=\u00bb#0C71C3&#8243; hover_enabled=\u00bb0&#8243; global_colors_info=\u00bb{}\u00bb sticky_enabled=\u00bb0&#8243;][\/et_pb_blurb][\/et_pb_column][\/et_pb_row][\/et_pb_section]<\/p>\n","protected":false},"excerpt":{"rendered":"<p>CAL MATEU Cal Mateu es una casa de pay\u00e9s que destaca por la tranquilidad que la rodea. Contemplar la sierra de madrugada, escuchar el silencio, pasear por un entorno natural privilegiado &#8230; son algunas de las sensaciones de las que disfrutar\u00e1 en Cal Mateu. Cal Mateu dispone de todo lo necesario para pasar desde un [&hellip;]<\/p>\n","protected":false},"author":1,"featured_media":0,"parent":0,"menu_order":0,"comment_status":"closed","ping_status":"closed","template":"","meta":{"_et_pb_use_builder":"on","_et_pb_old_content":"","_et_gb_content_width":"","footnotes":""},"class_list":["post-1021","page","type-page","status-publish","hentry"],"_links":{"self":[{"href":"https:\/\/www.calmateu.es\/es\/wp-json\/wp\/v2\/pages\/1021","targetHints":{"allow":["GET"]}}],"collection":[{"href":"https:\/\/www.calmateu.es\/es\/wp-json\/wp\/v2\/pages"}],"about":[{"href":"https:\/\/www.calmateu.es\/es\/wp-json\/wp\/v2\/types\/page"}],"author":[{"embeddable":true,"href":"https:\/\/www.calmateu.es\/es\/wp-json\/wp\/v2\/users\/1"}],"replies":[{"embeddable":true,"href":"https:\/\/www.calmateu.es\/es\/wp-json\/wp\/v2\/comments?post=1021"}],"version-history":[{"count":1,"href":"https:\/\/www.calmateu.es\/es\/wp-json\/wp\/v2\/pages\/1021\/revisions"}],"predecessor-version":[{"id":1023,"href":"https:\/\/www.calmateu.es\/es\/wp-json\/wp\/v2\/pages\/1021\/revisions\/1023"}],"wp:attachment":[{"href":"https:\/\/www.calmateu.es\/es\/wp-json\/wp\/v2\/media?parent=1021"}],"curies":[{"name":"wp","href":"https:\/\/api.w.org\/{rel}","templated":true}]}}