{"id":1146,"date":"2021-10-20T18:39:17","date_gmt":"2021-10-20T16:39:17","guid":{"rendered":"http:\/\/www.calmateu.es\/politica-de-cookies\/"},"modified":"2021-11-01T15:06:47","modified_gmt":"2021-11-01T13:06:47","slug":"politica-de-cookies","status":"publish","type":"page","link":"https:\/\/www.calmateu.es\/en\/politica-de-cookies\/","title":{"rendered":"Cookie policy"},"content":{"rendered":"\r\n<p><strong>Pol\u00edtica de Cookies<\/strong><\/p>\r\n<p>El nostre lloc web utilitza una tecnologia anomenada \u201ccookie\u201d, amb la finalitat de poder obtenir informaci\u00f3 sobre l\u2019\u00fas del lloc web, millorar l\u2019experi\u00e8ncia de l\u2019usuari i garantir el seu correcte funcionament.<\/p>\r\n<p><strong>Definici\u00f3 de Cookie<\/strong><\/p>\r\n<p>Una \u201ccookie\u201d \u00e9s un petit fragment de text que els llocs web envien al navegador i que s\u2019emmagatzemen en el terminal de l\u2019usuari, (ordinador o dispositiu m\u00f2bil). Aquests arxius tenen la finalitat d\u2019emmagatzemar dades que podran ser actualitzades i recuperades per l\u2019entitat responsable de la seva instal\u00b7laci\u00f3. Aix\u00ed, cada vegada que l\u2019usuari torna a visitar el mateix lloc web, l\u2019explorador recupera l\u2019arxiu i l\u2019envia al servidor del lloc web. Les cookies tenen diverses funcions entre les que s\u2019inclouen, la de recollir informaci\u00f3 sobre les prefer\u00e8ncies de l\u2019usuari i recordar-la, i en general, facilitar l\u2019\u00fas del lloc web a l\u2019usuari fent que el lloc sigui m\u00e9s \u00fatil al personalitzar el seu contingut.<\/p>\r\n<p>Les\u00a0 cookies es poden classificar en base a diferents par\u00e0metres:<\/p>\r\n<p><strong>1.- Titularitat:<\/strong>\u00a0cookies pr\u00f2pies i cookies de tercers: depenent de quina sigui l\u2019entitat que gestioni el domini des d\u2019on s\u2019envien les cookies i es tractin les dades que s\u2019obtinguin.<\/p>\r\n<p><strong>2.- Duraci\u00f3:<\/strong>\u00a0cookies de sessi\u00f3 i cookies persistents: d\u2019acord amb el termini de temps que romanen emmagatzemades al terminal de l\u2019usuari.<\/p>\r\n<p><strong>3.- Finalitat:<\/strong>\u00a0cookies\u00a0 t\u00e8cniques, cookies de personalitzaci\u00f3, cookies d\u2019an\u00e0lisi, cookies publicit\u00e0ries, cookies de publicitat comportamental: d\u2019acord amb la finalitat per a la qual es tractin les dades obtingudes.<\/p>\r\n<ul>\r\n<li>Cookies t\u00e8cniques: S\u00f3n aquelles que permeten a l\u2019usuari la navegaci\u00f3 a trav\u00e9s de la p\u00e0gina web o aplicaci\u00f3 i la utilitzaci\u00f3 de les diferents opcions o serveis que en ella existeixen. Per exemple, controlar el tr\u00e0nsit i la comunicaci\u00f3 de dades , identificar la sessi\u00f3\u00a0 o accedir a les parts web d\u2019acc\u00e9s restringit.<\/li>\r\n<\/ul>\r\n<ul>\r\n<li>Cookies de personalitzaci\u00f3: S\u00f3n aquelles que permeten a l\u2019usuari accedir al servei amb algunes caracter\u00edstiques de car\u00e0cter general predefinides en el seu terminal o que el propi usuari defineixi . Per exemple, l\u2019idioma , el tipus de navegador a trav\u00e9s del qual accedeix al servei o\u00a0 el disseny de continguts seleccionat.<\/li>\r\n<\/ul>\r\n<ul>\r\n<li>Cookies d\u2019an\u00e0lisi: S\u00f3n aquelles que o b\u00e9\u00a0 tractades per nosaltres o per tercers, ens permeten quantificar el nombre d\u2019usuaris i aix\u00ed realitzar l\u2019an\u00e0lisi estad\u00edstic de la utilitzaci\u00f3 que fan els usuaris del servei ofert. Per aix\u00f2 s\u2019analitza la seva navegaci\u00f3 a la nostra p\u00e0gina web per tal de millorar l\u2019oferta de productes o serveis que li oferim.<\/li>\r\n<\/ul>\r\n<ul>\r\n<li>Cookies publicit\u00e0ries:S\u00f3n aquelles que permeten la gesti\u00f3, de la forma m\u00e9s efica\u00e7 possible, dels espais publicitaris que, si escau, l\u2019editor hagi incl\u00f2s en una p\u00e0gina web, aplicaci\u00f3 o plataforma des de la qual presta el servei sol\u00b7licitat sobre la base de criteris com el contingut editat o la freq\u00fc\u00e8ncia en a qual es mostren els anuncis.<\/li>\r\n<\/ul>\r\n<ul>\r\n<li>Cookies de publicitat comportamental:S\u00f3n aquelles que permeten la gesti\u00f3, de la manera m\u00e9s efica\u00e7 possible, dels espais publicitaris que, si escau, l\u2019editor hagi incl\u00f2s en una p\u00e0gina web, aplicaci\u00f3 o plataforma des de la que presta el servei sol\u00b7licitat. Aquestes cookies emmagatzemen informaci\u00f3 del comportament dels usuaris obtinguda a trav\u00e9s de l\u2019observaci\u00f3 continuada dels seus h\u00e0bits de navegaci\u00f3, el que permet desenvolupar un perfil espec\u00edfic per mostrar publicitat en funci\u00f3 del mateix.<\/li>\r\n<\/ul>\r\n<p><strong>Cookies utilitzades al nostre lloc web<\/strong><\/p>\r\n<p>El nostre lloc web utilitza Cookies pr\u00f2pies de car\u00e0cter t\u00e8cnic, que s\u00f3n les enviades al seu ordinador i gestionades exclusivament per nosaltres per al funcionament del lloc web. Aquestes Cookies s\u00f3n de sessi\u00f3.<\/p>\r\n<p>Si interactua amb el contingut del nostre lloc web, es poden establir Cookies de complement (plug-in) de tercers per intercanviar continguts socials, que s\u00f3n gestionades \u00edntegrament per aquests tercers.<\/p>\r\n<p><strong>Consentiment<\/strong><\/p>\r\n<p>Al navegar i continuar al nostre lloc web l\u2019usuari estar\u00e0 consentint l\u2019\u00fas de les cookies abans enunciades, pels terminis assenyalats i en les condicions contingudes en la present Pol\u00edtica de Cookies.<\/p>\r\n<p><strong>Retirada del consentiment<\/strong><\/p>\r\n<p>L\u2019usuari podr\u00e0 retirar en qualsevol moment el seu consentiment relacionat amb aquesta Pol\u00edtica de Cookies, per aix\u00f2 haur\u00e0 d\u2019eliminar les cookies emmagatzemades en el seu equip utilitzant els ajustaments i configuracions del seu navegador d\u2019Internet.<\/p>\r\n<p><strong>Modificaci\u00f3 de la configuraci\u00f3 de les cookies<\/strong><\/p>\r\n<p>L\u2019usuari pot restringir, bloquejar o esborrar les cookies de qualsevol lloc web, utilitzant el seu navegador. A cada navegador l\u2019operativa \u00e9s diferent,\u00a0 pel que pot consultar als seg\u00fcents enlla\u00e7os la forma de fer-ho:<\/p>\r\n<ul>\r\n<li><strong><a href=\"http:\/\/windows.microsoft.com\/es-xl\/internet-explorer\/delete-manage-cookies#ie=ie-10\">Internet Explorer<\/a><\/strong><\/li>\r\n<li><strong><a href=\"https:\/\/support.mozilla.org\/es\/kb\/Borrar%20cookies\">FireFox<\/a><\/strong><\/li>\r\n<li><strong><a href=\"https:\/\/support.google.com\/chrome\/answer\/95647?hl=%22es%22\">Chrome<\/a><\/strong><\/li>\r\n<li><strong><a href=\"http:\/\/www.apple.com\/es\/privacy\/use-of-cookies\/\">Safari<\/a><\/strong><\/li>\r\n<li><strong><a href=\"http:\/\/help.opera.com\/Linux\/10.50\/en\/cookies.html\">Opera<\/a><\/strong><\/li>\r\n<li><strong><a href=\"http:\/\/www.windowsphone.com\/es-es\/how-to\/wp7\/web\/changing-privacy-and-other-browser-settings\">Windows Phone<\/a><\/strong><\/li>\r\n<\/ul>\r\n<p><strong>Actualitzaci\u00f3 de la pol\u00edtica de cookies<\/strong><\/p>\r\n<p>Aquest lloc web pot modificar aquesta Pol\u00edtica sobre Cookies, per aix\u00f2 li recomanem revisar aquesta pol\u00edtica cada vegada que accedeixi al nostre lloc web per tal d\u2019estar adequadament informat sobre l\u2019\u00fas que fem de les cookies.<\/p>\r\n","protected":false},"excerpt":{"rendered":"<p>Pol\u00edtica de Cookies El nostre lloc web utilitza una tecnologia anomenada \u201ccookie\u201d, amb la finalitat de poder obtenir informaci\u00f3 sobre l\u2019\u00fas del lloc web, millorar l\u2019experi\u00e8ncia de l\u2019usuari i garantir el seu correcte funcionament. Definici\u00f3 de Cookie Una \u201ccookie\u201d \u00e9s un petit fragment de text que els llocs web envien al navegador i que s\u2019emmagatzemen [&hellip;]<\/p>\n","protected":false},"author":1,"featured_media":0,"parent":0,"menu_order":0,"comment_status":"closed","ping_status":"closed","template":"","meta":{"_et_pb_use_builder":"","_et_pb_old_content":"","_et_gb_content_width":"","footnotes":""},"class_list":["post-1146","page","type-page","status-publish","hentry"],"_links":{"self":[{"href":"https:\/\/www.calmateu.es\/en\/wp-json\/wp\/v2\/pages\/1146","targetHints":{"allow":["GET"]}}],"collection":[{"href":"https:\/\/www.calmateu.es\/en\/wp-json\/wp\/v2\/pages"}],"about":[{"href":"https:\/\/www.calmateu.es\/en\/wp-json\/wp\/v2\/types\/page"}],"author":[{"embeddable":true,"href":"https:\/\/www.calmateu.es\/en\/wp-json\/wp\/v2\/users\/1"}],"replies":[{"embeddable":true,"href":"https:\/\/www.calmateu.es\/en\/wp-json\/wp\/v2\/comments?post=1146"}],"version-history":[{"count":2,"href":"https:\/\/www.calmateu.es\/en\/wp-json\/wp\/v2\/pages\/1146\/revisions"}],"predecessor-version":[{"id":1148,"href":"https:\/\/www.calmateu.es\/en\/wp-json\/wp\/v2\/pages\/1146\/revisions\/1148"}],"wp:attachment":[{"href":"https:\/\/www.calmateu.es\/en\/wp-json\/wp\/v2\/media?parent=1146"}],"curies":[{"name":"wp","href":"https:\/\/api.w.org\/{rel}","templated":true}]}}