{"id":1137,"date":"2021-10-20T11:26:23","date_gmt":"2021-10-20T09:26:23","guid":{"rendered":"http:\/\/www.calmateu.es\/productes-ecologics\/"},"modified":"2021-11-01T15:01:01","modified_gmt":"2021-11-01T13:01:01","slug":"productes-ecologics","status":"publish","type":"page","link":"https:\/\/www.calmateu.es\/en\/productes-ecologics\/","title":{"rendered":"Ecological products"},"content":{"rendered":"<p>[et_pb_section fb_built=&#8221;1&#8243; _builder_version=&#8221;4.11.3&#8243; _module_preset=&#8221;default&#8221; custom_padding=&#8221;50px||0px||false|false&#8221; global_colors_info=&#8221;{}&#8221;][et_pb_row use_custom_gutter=&#8221;on&#8221; gutter_width=&#8221;1&#8243; _builder_version=&#8221;4.11.3&#8243; _module_preset=&#8221;default&#8221; background_enable_image=&#8221;off&#8221; width=&#8221;100%&#8221; max_width=&#8221;2048px&#8221; module_alignment=&#8221;center&#8221; custom_margin=&#8221;-50px|auto|-50px|auto|false|false&#8221; custom_padding=&#8221;0px||0px|||&#8221; global_colors_info=&#8221;{}&#8221;][et_pb_column type=&#8221;4_4&#8243; _builder_version=&#8221;4.11.3&#8243; _module_preset=&#8221;default&#8221; global_colors_info=&#8221;{}&#8221;][et_pb_text _builder_version=&#8221;4.11.3&#8243; _module_preset=&#8221;default&#8221; text_text_color=&#8221;#FFFFFF&#8221; text_font_size=&#8221;40px&#8221; header_text_align=&#8221;center&#8221; header_text_color=&#8221;#000000&#8243; header_font_size=&#8221;50px&#8221; custom_padding=&#8221;51px||8px|||&#8221; hover_enabled=&#8221;0&#8243; global_colors_info=&#8221;{}&#8221; sticky_enabled=&#8221;0&#8243;]<\/p>\n<div class=\"elementor-element elementor-element-61b62bb elementor-widget elementor-widget-heading\" data-id=\"61b62bb\" data-element_type=\"widget\" data-widget_type=\"heading.default\">\n<div class=\"elementor-widget-container\">\n<h1 class=\"elementor-heading-title elementor-size-default\" style=\"text-align: center;\">ECOLOGICAL PRODUCTS<\/h1>\n<p>&nbsp;<\/p>\n<\/div>\n<\/div>\n<p>[\/et_pb_text][\/et_pb_column][\/et_pb_row][\/et_pb_section][et_pb_section fb_built=&#8221;1&#8243; _builder_version=&#8221;4.11.3&#8243; _module_preset=&#8221;default&#8221; custom_padding=&#8221;32px|||||&#8221; global_colors_info=&#8221;{}&#8221;][et_pb_row _builder_version=&#8221;4.11.3&#8243; _module_preset=&#8221;default&#8221; global_colors_info=&#8221;{}&#8221;][et_pb_column type=&#8221;4_4&#8243; _builder_version=&#8221;4.11.3&#8243; _module_preset=&#8221;default&#8221; global_colors_info=&#8221;{}&#8221;][et_pb_text _builder_version=&#8221;4.11.3&#8243; _module_preset=&#8221;default&#8221; hover_enabled=&#8221;0&#8243; global_colors_info=&#8221;{}&#8221; sticky_enabled=&#8221;0&#8243;]<\/p>\n<p>Carles, the owner of Cal Mateu, he is a farmer who is basically dedicated to the elaboration of high quality organic oil, packaged with the brand name \u201cCal Mateu 1720\u201d<\/p>\n<p>[\/et_pb_text][\/et_pb_column][\/et_pb_row][et_pb_row column_structure=&#8221;2_5,3_5&#8243; make_equal=&#8221;on&#8221; _builder_version=&#8221;4.11.3&#8243; _module_preset=&#8221;default&#8221; width=&#8221;90%&#8221; global_colors_info=&#8221;{}&#8221;][et_pb_column type=&#8221;2_5&#8243; _builder_version=&#8221;4.11.3&#8243; _module_preset=&#8221;default&#8221; global_colors_info=&#8221;{}&#8221;][et_pb_image src=&#8221;http:\/\/www.calmateu.es\/wp-content\/uploads\/2021\/10\/oli-Cal-Mateu-2.jpg&#8221; title_text=&#8221;oli-Cal-Mateu-2&#8243; _builder_version=&#8221;4.11.3&#8243; _module_preset=&#8221;default&#8221; global_colors_info=&#8221;{}&#8221;][\/et_pb_image][\/et_pb_column][et_pb_column type=&#8221;3_5&#8243; _builder_version=&#8221;4.11.3&#8243; _module_preset=&#8221;default&#8221; global_colors_info=&#8221;{}&#8221;][et_pb_image src=&#8221;http:\/\/www.calmateu.es\/wp-content\/uploads\/2021\/10\/Oli-Cal-Mateu.jpg&#8221; title_text=&#8221;Oli-Cal-Mateu&#8221; _builder_version=&#8221;4.11.3&#8243; _module_preset=&#8221;default&#8221; global_colors_info=&#8221;{}&#8221;][\/et_pb_image][\/et_pb_column][\/et_pb_row][et_pb_row _builder_version=&#8221;4.11.3&#8243; _module_preset=&#8221;default&#8221; global_colors_info=&#8221;{}&#8221;][et_pb_column type=&#8221;4_4&#8243; _builder_version=&#8221;4.11.3&#8243; _module_preset=&#8221;default&#8221; global_colors_info=&#8221;{}&#8221;][et_pb_text _builder_version=&#8221;4.11.3&#8243; _module_preset=&#8221;default&#8221; hover_enabled=&#8221;0&#8243; global_colors_info=&#8221;{}&#8221; sticky_enabled=&#8221;0&#8243;]<\/p>\n<p style=\"text-align: justify;\">Tot i que ell mateix es considera \u201cneorural\u201d, en Carles i la seva fam\u00edlia ja fa m\u00e9s de 28 anys que viuen i treballen les terres dels entorns de La Bisbal. La base de la seva explotaci\u00f3 \u00e9s l\u2019oli, per\u00f2 amb els anys han anat ampliant horitzons i actualment ofereixen una \u00e0mplia diversitat de productes d\u2019horta amb certificaci\u00f3 ecol\u00f2gica.<\/p>\n<p style=\"text-align: justify;\">Des del convenciment que el futur del m\u00f3n agrari dep\u00e8n del control de tot el proc\u00e9s, des de l\u2019elaboraci\u00f3 fins a la venda del producte i de la import\u00e0ncia del contacte directe entre el productor i el consumidor, aquest negoci familiar seguir\u00e0 plantejant-se nous reptes amb l\u2019objectiu de poder tancar el clicle i transformar molts dels productes que ells mateixos cultiven.<\/p>\n<p>[\/et_pb_text][modula_gallery gallery_select=&#8221;78&#8243; _builder_version=&#8221;4.11.3&#8243; _module_preset=&#8221;default&#8221; global_colors_info=&#8221;{}&#8221;][\/modula_gallery][\/et_pb_column][\/et_pb_row][\/et_pb_section]<\/p>\n","protected":false},"excerpt":{"rendered":"<p>ECOLOGICAL PRODUCTS &nbsp; Carles, the owner of Cal Mateu, he is a farmer who is basically dedicated to the elaboration of high quality organic oil, packaged with the brand name \u201cCal Mateu 1720\u201dTot i que ell mateix es considera \u201cneorural\u201d, en Carles i la seva fam\u00edlia ja fa m\u00e9s de 28 anys que viuen i [&hellip;]<\/p>\n","protected":false},"author":1,"featured_media":0,"parent":0,"menu_order":0,"comment_status":"closed","ping_status":"closed","template":"","meta":{"_et_pb_use_builder":"on","_et_pb_old_content":"","_et_gb_content_width":"","footnotes":""},"class_list":["post-1137","page","type-page","status-publish","hentry"],"_links":{"self":[{"href":"https:\/\/www.calmateu.es\/en\/wp-json\/wp\/v2\/pages\/1137","targetHints":{"allow":["GET"]}}],"collection":[{"href":"https:\/\/www.calmateu.es\/en\/wp-json\/wp\/v2\/pages"}],"about":[{"href":"https:\/\/www.calmateu.es\/en\/wp-json\/wp\/v2\/types\/page"}],"author":[{"embeddable":true,"href":"https:\/\/www.calmateu.es\/en\/wp-json\/wp\/v2\/users\/1"}],"replies":[{"embeddable":true,"href":"https:\/\/www.calmateu.es\/en\/wp-json\/wp\/v2\/comments?post=1137"}],"version-history":[{"count":2,"href":"https:\/\/www.calmateu.es\/en\/wp-json\/wp\/v2\/pages\/1137\/revisions"}],"predecessor-version":[{"id":1140,"href":"https:\/\/www.calmateu.es\/en\/wp-json\/wp\/v2\/pages\/1137\/revisions\/1140"}],"wp:attachment":[{"href":"https:\/\/www.calmateu.es\/en\/wp-json\/wp\/v2\/media?parent=1137"}],"curies":[{"name":"wp","href":"https:\/\/api.w.org\/{rel}","templated":true}]}}